{"id":23,"date":"2019-01-15T12:38:37","date_gmt":"2019-01-15T12:38:37","guid":{"rendered":"http:\/\/www.posadalaleyenda.com\/?page_id=23"},"modified":"2019-03-19T11:22:33","modified_gmt":"2019-03-19T11:22:33","slug":"ofertas","status":"publish","type":"page","link":"http:\/\/www.posadalaleyenda.com\/en\/ofertas\/","title":{"rendered":"Ofertas"},"content":{"rendered":"<div class=\"pt-cv-wrapper\"><div class=\"pt-cv-view pt-cv-grid pt-cv-colsys\" id=\"pt-cv-view-4fffc134tp\"><div data-id=\"pt-cv-page-1\" class=\"pt-cv-page\" data-cvc=\"3\"><div class=\"col-md-4 col-sm-4 col-xs-12 pt-cv-content-item pt-cv-1-col\" ><div class='pt-cv-ifield'><a href=\"http:\/\/www.posadalaleyenda.com\/en\/noticia-3\/\" class=\"_self pt-cv-href-thumbnail pt-cv-thumb-default\" target=\"_self\" ><img loading=\"lazy\" decoding=\"async\" width=\"298\" height=\"300\" src=\"http:\/\/www.posadalaleyenda.com\/wp-content\/uploads\/2019\/01\/hab-doble-298x300.jpg\" class=\"pt-cv-thumbnail\" alt=\"\" srcset=\"http:\/\/www.posadalaleyenda.com\/wp-content\/uploads\/2019\/01\/hab-doble-298x300.jpg 298w, http:\/\/www.posadalaleyenda.com\/wp-content\/uploads\/2019\/01\/hab-doble-150x150.jpg 150w, http:\/\/www.posadalaleyenda.com\/wp-content\/uploads\/2019\/01\/hab-doble-75x75.jpg 75w, http:\/\/www.posadalaleyenda.com\/wp-content\/uploads\/2019\/01\/hab-doble.jpg 470w\" sizes=\"(max-width: 298px) 100vw, 298px\" \/><\/a>\n<h3 class=\"pt-cv-title\"><a href=\"http:\/\/www.posadalaleyenda.com\/en\/noticia-3\/\" class=\"_self\" target=\"_self\" >Escapada del A\u00f1o<\/a><\/h3>\n<div class=\"pt-cv-content\">Al\u00f3jate en una habitaci\u00f3n doble con ba\u00f1era de hidromasaje y desayuno en la habitaci\u00f3n de domingo a jueves a 80\u20ac (Temporada Baja).<br \/> <a data-image-id=\"574\" role=\"button\" data-elementor-open-lightbox=\"no\" tabindex=\"0\" rel=\"jtg-697\" data-caption=\"Stitched Panorama\" aria-label=\"Open image in lightbox\" class=\"tile-inner modula-item-link\"><\/a> <a class=\"modula-icon-share\" aria-label=\"Click to share\" href=\"#\"><\/a> <a class=\"modula-icon-twitter\" aria-label=\"Share on X\"  data-modula-gallery-id=\"697\" data-modula-item-id=\"574\" data-modula-image-src=\"http:\/\/www.posadalaleyenda.com\/wp-content\/uploads\/2019\/03\/h22-1.jpg\" href=\"#\"> <\/a> <a class=\"modula-icon-facebook\" aria-label=\"Share on Facebook\"  data-modula-gallery-id=\"697\" data-modula-item-id=\"574\" data-modula-image-src=\"http:\/\/www.posadalaleyenda.com\/wp-content\/uploads\/2019\/03\/h22-1.jpg\"\t\t\t\thref=\"#\"> <\/a> <a class=\"modula-icon-pinterest\" aria-label=\"Share on Pinterest\"  data-modula-gallery-id=\"697\" data-modula-item-id=\"574\" data-modula-image-src=\"http:\/\/www.posadalaleyenda.com\/wp-content\/uploads\/2019\/03\/h22-1.jpg\"\t\t\t\thref=\"#\"> <\/a> <a class=\"modula-icon-linkedin\" aria-label=\"Share on LinkedIn\"  data-modula-gallery-id=\"697\" data-modula-item-id=\"574\" data-modula-image-src=\"http:\/\/www.posadalaleyenda.com\/wp-content\/uploads\/2019\/03\/h22-1.jpg\"\t\t\t\thref=\"#\"> <\/a> <a data-image-id=\"573\" role=\"button\" data-elementor-open-lightbox=\"no\" tabindex=\"0\" rel=\"jtg-697\" data-caption=\"\" aria-label=\"Open image in lightbox\" class=\"tile-inner modula-item-link\"><\/a> <a class=\"modula-icon-share\" aria-label=\"Click to share\" href=\"#\"><\/a> <a class=\"modula-icon-twitter\" aria-label=\"Share on X\"  data-modula-gallery-id=\"697\" data-modula-item-id=\"573\" data-modula-image-src=\"http:\/\/www.posadalaleyenda.com\/wp-content\/uploads\/2019\/03\/h24-1.jpg\" href=\"#\"> <\/a> <a class=\"modula-icon-facebook\" aria-label=\"Share on Facebook\"  data-modula-gallery-id=\"697\" data-modula-item-id=\"573\" data-modula-image-src=\"http:\/\/www.posadalaleyenda.com\/wp-content\/uploads\/2019\/03\/h24-1.jpg\"\t\t\t\thref=\"#\"> <\/a> <a class=\"modula-icon-pinterest\" aria-label=\"Share on Pinterest\"  data-modula-gallery-id=\"697\" data-modula-item-id=\"573\" data-modula-image-src=\"http:\/\/www.posadalaleyenda.com\/wp-content\/uploads\/2019\/03\/h24-1.jpg\"\t\t\t\thref=\"#\"> <\/a> <a class=\"modula-icon-linkedin\" aria-label=\"Share on LinkedIn\"  data-modula-gallery-id=\"697\" data-modula-item-id=\"573\" data-modula-image-src=\"http:\/\/www.posadalaleyenda.com\/wp-content\/uploads\/2019\/03\/h24-1.jpg\"\t\t\t\thref=\"#\"> <\/a> <a data-image-id=\"572\" role=\"button\" data-elementor-open-lightbox=\"no\" tabindex=\"0\" rel=\"jtg-697\" data-caption=\"\" aria-label=\"Open image in lightbox\" class=\"tile-inner modula-item-link\"><\/a> <a class=\"modula-icon-share\" aria-label=\"Click to share\" href=\"#\"><\/a> <a class=\"modula-icon-twitter\" aria-label=\"Share on X\"  data-modula-gallery-id=\"697\" data-modula-item-id=\"572\" data-modula-image-src=\"http:\/\/www.posadalaleyenda.com\/wp-content\/uploads\/2019\/03\/h21-1.jpg\" href=\"#\"> <\/a> <a class=\"modula-icon-facebook\" aria-label=\"Share on Facebook\"  data-modula-gallery-id=\"697\" data-modula-item-id=\"572\" data-modula-image-src=\"http:\/\/www.posadalaleyenda.com\/wp-content\/uploads\/2019\/03\/h21-1.jpg\"\t\t\t\thref=\"#\"> <\/a> <a class=\"modula-icon-pinterest\" aria-label=\"Share on Pinterest\"  data-modula-gallery-id=\"697\" data-modula-item-id=\"572\" data-modula-image-src=\"http:\/\/www.posadalaleyenda.com\/wp-content\/uploads\/2019\/03\/h21-1.jpg\"\t\t\t\thref=\"#\"> <\/a> ...<br \/><div class=\"pt-cv-rmwrap\"><a href=\"http:\/\/www.posadalaleyenda.com\/en\/noticia-3\/\" class=\"_self pt-cv-readmore btn btn-success\" target=\"_self\">Leer M\u00e1s<\/a><\/div><\/div><\/div><\/div>\n<div class=\"col-md-4 col-sm-4 col-xs-12 pt-cv-content-item pt-cv-1-col\" ><div class='pt-cv-ifield'><a href=\"http:\/\/www.posadalaleyenda.com\/en\/noticia-4\/\" class=\"_self pt-cv-href-thumbnail pt-cv-thumb-default\" target=\"_self\" ><img loading=\"lazy\" decoding=\"async\" width=\"300\" height=\"300\" src=\"http:\/\/www.posadalaleyenda.com\/wp-content\/uploads\/2019\/01\/africa2.jpg\" class=\"pt-cv-thumbnail\" alt=\"\" srcset=\"http:\/\/www.posadalaleyenda.com\/wp-content\/uploads\/2019\/01\/africa2.jpg 300w, http:\/\/www.posadalaleyenda.com\/wp-content\/uploads\/2019\/01\/africa2-150x150.jpg 150w, http:\/\/www.posadalaleyenda.com\/wp-content\/uploads\/2019\/01\/africa2-75x75.jpg 75w\" sizes=\"(max-width: 300px) 100vw, 300px\" \/><\/a>\n<h3 class=\"pt-cv-title\"><a href=\"http:\/\/www.posadalaleyenda.com\/en\/noticia-4\/\" class=\"_self\" target=\"_self\" >Escapada Tem\u00e1tica<\/a><\/h3>\n<div class=\"pt-cv-content\">Disfruta de una estancia en N.Y, China, Marruecos o \u00c1frica con desayuno en la habitaci\u00f3n de domingo a viernes en temporada baja por tan solo 99\u20ac.<br \/> <a data-image-id=\"878\" role=\"button\" data-elementor-open-lightbox=\"no\" tabindex=\"0\" rel=\"jtg-1133\" data-caption=\"\" aria-label=\"Open image in lightbox\" class=\"tile-inner modula-item-link\"><\/a> <a class=\"modula-icon-share\" aria-label=\"Click to share\" href=\"#\"><\/a> <a class=\"modula-icon-twitter\" aria-label=\"Share on X\"  data-modula-gallery-id=\"1133\" data-modula-item-id=\"878\" data-modula-image-src=\"http:\/\/www.posadalaleyenda.com\/wp-content\/uploads\/2019\/03\/20161223084510.jpg\" href=\"#\"> <\/a> <a class=\"modula-icon-facebook\" aria-label=\"Share on Facebook\"  data-modula-gallery-id=\"1133\" data-modula-item-id=\"878\" data-modula-image-src=\"http:\/\/www.posadalaleyenda.com\/wp-content\/uploads\/2019\/03\/20161223084510.jpg\"\t\t\t\thref=\"#\"> <\/a> <a class=\"modula-icon-pinterest\" aria-label=\"Share on Pinterest\"  data-modula-gallery-id=\"1133\" data-modula-item-id=\"878\" data-modula-image-src=\"http:\/\/www.posadalaleyenda.com\/wp-content\/uploads\/2019\/03\/20161223084510.jpg\"\t\t\t\thref=\"#\"> <\/a> <a class=\"modula-icon-linkedin\" aria-label=\"Share on LinkedIn\"  data-modula-gallery-id=\"1133\" data-modula-item-id=\"878\" data-modula-image-src=\"http:\/\/www.posadalaleyenda.com\/wp-content\/uploads\/2019\/03\/20161223084510.jpg\"\t\t\t\thref=\"#\"> <\/a> <a data-image-id=\"896\" role=\"button\" data-elementor-open-lightbox=\"no\" tabindex=\"0\" rel=\"jtg-1133\" data-caption=\"\" aria-label=\"Open image in lightbox\" class=\"tile-inner modula-item-link\"><\/a> <a class=\"modula-icon-share\" aria-label=\"Click to share\" href=\"#\"><\/a> <a class=\"modula-icon-twitter\" aria-label=\"Share on X\"  data-modula-gallery-id=\"1133\" data-modula-item-id=\"896\" data-modula-image-src=\"http:\/\/www.posadalaleyenda.com\/wp-content\/uploads\/2019\/03\/h29bis.jpg\" href=\"#\"> <\/a> <a class=\"modula-icon-facebook\" aria-label=\"Share on Facebook\"  data-modula-gallery-id=\"1133\" data-modula-item-id=\"896\" data-modula-image-src=\"http:\/\/www.posadalaleyenda.com\/wp-content\/uploads\/2019\/03\/h29bis.jpg\"\t\t\t\thref=\"#\"> <\/a> <a class=\"modula-icon-pinterest\" aria-label=\"Share on Pinterest\"  data-modula-gallery-id=\"1133\" data-modula-item-id=\"896\" data-modula-image-src=\"http:\/\/www.posadalaleyenda.com\/wp-content\/uploads\/2019\/03\/h29bis.jpg\"\t\t\t\thref=\"#\"> <\/a> <a class=\"modula-icon-linkedin\" aria-label=\"Share on LinkedIn\"  data-modula-gallery-id=\"1133\" data-modula-item-id=\"896\" data-modula-image-src=\"http:\/\/www.posadalaleyenda.com\/wp-content\/uploads\/2019\/03\/h29bis.jpg\"\t\t\t\thref=\"#\"> <\/a> <a data-image-id=\"877\" role=\"button\" data-elementor-open-lightbox=\"no\" tabindex=\"0\" rel=\"jtg-1133\" data-caption=\"\" aria-label=\"Open image in lightbox\" class=\"tile-inner modula-item-link\"><\/a> <a class=\"modula-icon-share\" aria-label=\"Click to share\" href=\"#\"><\/a> <a class=\"modula-icon-twitter\" aria-label=\"Share on X\"  data-modula-gallery-id=\"1133\" data-modula-item-id=\"877\" data-modula-image-src=\"http:\/\/www.posadalaleyenda.com\/wp-content\/uploads\/2019\/03\/20161223084502.jpg\" href=\"#\"> <\/a> ...<br \/><div class=\"pt-cv-rmwrap\"><a href=\"http:\/\/www.posadalaleyenda.com\/en\/noticia-4\/\" class=\"_self pt-cv-readmore btn btn-success\" target=\"_self\">Leer M\u00e1s<\/a><\/div><\/div><\/div><\/div>\n<div class=\"col-md-4 col-sm-4 col-xs-12 pt-cv-content-item pt-cv-1-col\" ><div class='pt-cv-ifield'><a href=\"http:\/\/www.posadalaleyenda.com\/en\/novedad-2\/\" class=\"_self pt-cv-href-thumbnail pt-cv-thumb-default\" target=\"_self\" ><img loading=\"lazy\" decoding=\"async\" width=\"298\" height=\"300\" src=\"http:\/\/www.posadalaleyenda.com\/wp-content\/uploads\/2019\/01\/001-298x300.jpg\" class=\"pt-cv-thumbnail\" alt=\"\" srcset=\"http:\/\/www.posadalaleyenda.com\/wp-content\/uploads\/2019\/01\/001-298x300.jpg 298w, http:\/\/www.posadalaleyenda.com\/wp-content\/uploads\/2019\/01\/001-150x150.jpg 150w, http:\/\/www.posadalaleyenda.com\/wp-content\/uploads\/2019\/01\/001-75x75.jpg 75w, http:\/\/www.posadalaleyenda.com\/wp-content\/uploads\/2019\/01\/001.jpg 470w\" sizes=\"(max-width: 298px) 100vw, 298px\" \/><\/a>\n<h3 class=\"pt-cv-title\"><a href=\"http:\/\/www.posadalaleyenda.com\/en\/novedad-2\/\" class=\"_self\" target=\"_self\" >Estancia Rom\u00e1ntica<\/a><\/h3>\n<div class=\"pt-cv-content\">Noche Rom\u00e1ntica en habitaci\u00f3n especial con Jacuzzi y desayuno y pack rom\u00e1ntico a 119\u20ac.<br \/> <a data-image-id=\"913\" role=\"button\" data-elementor-open-lightbox=\"no\" tabindex=\"0\" rel=\"jtg-946\" data-caption=\"\" aria-label=\"Open image in lightbox\" class=\"tile-inner modula-item-link\"><\/a> <a class=\"modula-icon-share\" aria-label=\"Click to share\" href=\"#\"><\/a> <a class=\"modula-icon-twitter\" aria-label=\"Share on X\"  data-modula-gallery-id=\"946\" data-modula-item-id=\"913\" data-modula-image-src=\"http:\/\/www.posadalaleyenda.com\/wp-content\/uploads\/2019\/01\/001.jpg\" href=\"#\"> <\/a> <a class=\"modula-icon-facebook\" aria-label=\"Share on Facebook\"  data-modula-gallery-id=\"946\" data-modula-item-id=\"913\" data-modula-image-src=\"http:\/\/www.posadalaleyenda.com\/wp-content\/uploads\/2019\/01\/001.jpg\"\t\t\t\thref=\"#\"> <\/a> <a class=\"modula-icon-pinterest\" aria-label=\"Share on Pinterest\"  data-modula-gallery-id=\"946\" data-modula-item-id=\"913\" data-modula-image-src=\"http:\/\/www.posadalaleyenda.com\/wp-content\/uploads\/2019\/01\/001.jpg\"\t\t\t\thref=\"#\"> <\/a> <a class=\"modula-icon-linkedin\" aria-label=\"Share on LinkedIn\"  data-modula-gallery-id=\"946\" data-modula-item-id=\"913\" data-modula-image-src=\"http:\/\/www.posadalaleyenda.com\/wp-content\/uploads\/2019\/01\/001.jpg\"\t\t\t\thref=\"#\"> <\/a> <a data-image-id=\"892\" role=\"button\" data-elementor-open-lightbox=\"no\" tabindex=\"0\" rel=\"jtg-946\" data-caption=\"\" aria-label=\"Open image in lightbox\" class=\"tile-inner modula-item-link\"><\/a> <a class=\"modula-icon-share\" aria-label=\"Click to share\" href=\"#\"><\/a> <a class=\"modula-icon-twitter\" aria-label=\"Share on X\"  data-modula-gallery-id=\"946\" data-modula-item-id=\"892\" data-modula-image-src=\"http:\/\/www.posadalaleyenda.com\/wp-content\/uploads\/2019\/03\/20161223083720.jpg\" href=\"#\"> <\/a> <a class=\"modula-icon-facebook\" aria-label=\"Share on Facebook\"  data-modula-gallery-id=\"946\" data-modula-item-id=\"892\" data-modula-image-src=\"http:\/\/www.posadalaleyenda.com\/wp-content\/uploads\/2019\/03\/20161223083720.jpg\"\t\t\t\thref=\"#\"> <\/a> <a class=\"modula-icon-pinterest\" aria-label=\"Share on Pinterest\"  data-modula-gallery-id=\"946\" data-modula-item-id=\"892\" data-modula-image-src=\"http:\/\/www.posadalaleyenda.com\/wp-content\/uploads\/2019\/03\/20161223083720.jpg\"\t\t\t\thref=\"#\"> <\/a> <a class=\"modula-icon-linkedin\" aria-label=\"Share on LinkedIn\"  data-modula-gallery-id=\"946\" data-modula-item-id=\"892\" data-modula-image-src=\"http:\/\/www.posadalaleyenda.com\/wp-content\/uploads\/2019\/03\/20161223083720.jpg\"\t\t\t\thref=\"#\"> <\/a> <a data-image-id=\"863\" role=\"button\" data-elementor-open-lightbox=\"no\" tabindex=\"0\" rel=\"jtg-946\" data-caption=\"\" aria-label=\"Open image in lightbox\" class=\"tile-inner modula-item-link\"><\/a> <a class=\"modula-icon-share\" aria-label=\"Click to share\" href=\"#\"><\/a> <a class=\"modula-icon-twitter\" aria-label=\"Share on X\"  data-modula-gallery-id=\"946\" data-modula-item-id=\"863\" data-modula-image-src=\"http:\/\/www.posadalaleyenda.com\/wp-content\/uploads\/2019\/03\/20161222203750.jpg\" href=\"#\"> <\/a> <a class=\"modula-icon-facebook\" aria-label=\"Share on Facebook\"  data-modula-gallery-id=\"946\" data-modula-item-id=\"863\" data-modula-image-src=\"http:\/\/www.posadalaleyenda.com\/wp-content\/uploads\/2019\/03\/20161222203750.jpg\"\t\t\t\thref=\"#\"> <\/a> <a class=\"modula-icon-pinterest\" aria-label=\"Share on Pinterest\"  data-modula-gallery-id=\"946\" data-modula-item-id=\"863\" data-modula-image-src=\"http:\/\/www.posadalaleyenda.com\/wp-content\/uploads\/2019\/03\/20161222203750.jpg\"\t\t\t\thref=\"#\"> <\/a> <a class=\"modula-icon-linkedin\" aria-label=\"Share on LinkedIn\"  data-modula-gallery-id=\"946\" data-modula-item-id=\"863\" data-modula-image-src=\"http:\/\/www.posadalaleyenda.com\/wp-content\/uploads\/2019\/03\/20161222203750.jpg\"\t\t\t\thref=\"#\"> <\/a> <a data-image-id=\"436\" role=\"button\" data-elementor-open-lightbox=\"no\" tabindex=\"0\" rel=\"jtg-946\" data-caption=\"\" aria-label=\"Open image in lightbox\" class=\"tile-inner modula-item-link\"><\/a> <a class=\"modula-icon-share\" aria-label=\"Click to share\" href=\"#\"><\/a> <a class=\"modula-icon-twitter\" aria-label=\"Share on X\"  data-modula-gallery-id=\"946\" data-modula-item-id=\"436\" data-modula-image-src=\"http:\/\/www.posadalaleyenda.com\/wp-content\/uploads\/2019\/03\/pack_romantico.jpg\" href=\"#\"> <\/a> <a class=\"modula-icon-facebook\" aria-label=\"Share on Facebook\"  data-modula-gallery-id=\"946\" data-modula-item-id=\"436\" data-modula-image-src=\"http:\/\/www.posadalaleyenda.com\/wp-content\/uploads\/2019\/03\/pack_romantico.jpg\"\t\t\t\thref=\"#\"> <\/a> ...<br \/><div class=\"pt-cv-rmwrap\"><a href=\"http:\/\/www.posadalaleyenda.com\/en\/novedad-2\/\" class=\"_self pt-cv-readmore btn btn-success\" target=\"_self\">Leer M\u00e1s<\/a><\/div><\/div><\/div><\/div><\/div><\/div><\/div>\n","protected":false},"excerpt":{"rendered":"","protected":false},"author":1,"featured_media":0,"parent":0,"menu_order":0,"comment_status":"closed","ping_status":"closed","template":"","meta":{"om_disable_all_campaigns":false,"_mi_skip_tracking":false,"_monsterinsights_sitenote_active":false,"_monsterinsights_sitenote_note":"","_monsterinsights_sitenote_category":0,"_joinchat":[],"footnotes":""},"class_list":["post-23","page","type-page","status-publish","hentry"],"yoast_head":"<!-- This site is optimized with the Yoast SEO plugin v27.4 - https:\/\/yoast.com\/product\/yoast-seo-wordpress\/ -->\n<title>Ofertas - Posada La Leyenda<\/title>\n<meta name=\"robots\" content=\"index, follow, max-snippet:-1, max-image-preview:large, max-video-preview:-1\" \/>\n<link rel=\"canonical\" href=\"http:\/\/www.posadalaleyenda.com\/en\/ofertas\/\" \/>\n<meta property=\"og:locale\" content=\"en_US\" \/>\n<meta property=\"og:type\" content=\"article\" \/>\n<meta property=\"og:title\" content=\"Ofertas - Posada La Leyenda\" \/>\n<meta property=\"og:url\" content=\"http:\/\/www.posadalaleyenda.com\/en\/ofertas\/\" \/>\n<meta property=\"og:site_name\" content=\"Posada La Leyenda\" \/>\n<meta property=\"article:publisher\" content=\"https:\/\/mobile.facebook.com\/posadalaleyenda\/\" \/>\n<meta property=\"article:modified_time\" content=\"2019-03-19T11:22:33+00:00\" \/>\n<meta name=\"twitter:card\" content=\"summary_large_image\" \/>\n<meta name=\"twitter:site\" content=\"@posadalaleyenda\" \/>\n<script type=\"application\/ld+json\" class=\"yoast-schema-graph\">{\"@context\":\"https:\\\/\\\/schema.org\",\"@graph\":[{\"@type\":\"WebPage\",\"@id\":\"http:\\\/\\\/www.posadalaleyenda.com\\\/en\\\/ofertas\\\/\",\"url\":\"http:\\\/\\\/www.posadalaleyenda.com\\\/en\\\/ofertas\\\/\",\"name\":\"Ofertas - Posada La Leyenda\",\"isPartOf\":{\"@id\":\"http:\\\/\\\/www.posadalaleyenda.com\\\/#website\"},\"datePublished\":\"2019-01-15T12:38:37+00:00\",\"dateModified\":\"2019-03-19T11:22:33+00:00\",\"breadcrumb\":{\"@id\":\"http:\\\/\\\/www.posadalaleyenda.com\\\/en\\\/ofertas\\\/#breadcrumb\"},\"inLanguage\":\"en-US\",\"potentialAction\":[{\"@type\":\"ReadAction\",\"target\":[\"http:\\\/\\\/www.posadalaleyenda.com\\\/en\\\/ofertas\\\/\"]}]},{\"@type\":\"BreadcrumbList\",\"@id\":\"http:\\\/\\\/www.posadalaleyenda.com\\\/en\\\/ofertas\\\/#breadcrumb\",\"itemListElement\":[{\"@type\":\"ListItem\",\"position\":1,\"name\":\"Portada\",\"item\":\"http:\\\/\\\/www.posadalaleyenda.com\\\/\"},{\"@type\":\"ListItem\",\"position\":2,\"name\":\"Ofertas\"}]},{\"@type\":\"WebSite\",\"@id\":\"http:\\\/\\\/www.posadalaleyenda.com\\\/#website\",\"url\":\"http:\\\/\\\/www.posadalaleyenda.com\\\/\",\"name\":\"Posada La Leyenda\",\"description\":\"Posada en Cantabria. Turismo Rural en Cantabria\",\"publisher\":{\"@id\":\"http:\\\/\\\/www.posadalaleyenda.com\\\/#organization\"},\"potentialAction\":[{\"@type\":\"SearchAction\",\"target\":{\"@type\":\"EntryPoint\",\"urlTemplate\":\"http:\\\/\\\/www.posadalaleyenda.com\\\/?s={search_term_string}\"},\"query-input\":{\"@type\":\"PropertyValueSpecification\",\"valueRequired\":true,\"valueName\":\"search_term_string\"}}],\"inLanguage\":\"en-US\"},{\"@type\":\"Organization\",\"@id\":\"http:\\\/\\\/www.posadalaleyenda.com\\\/#organization\",\"name\":\"Posada La Leyenda\",\"url\":\"http:\\\/\\\/www.posadalaleyenda.com\\\/\",\"logo\":{\"@type\":\"ImageObject\",\"inLanguage\":\"en-US\",\"@id\":\"http:\\\/\\\/www.posadalaleyenda.com\\\/#\\\/schema\\\/logo\\\/image\\\/\",\"url\":\"http:\\\/\\\/www.posadalaleyenda.com\\\/wp-content\\\/uploads\\\/2019\\\/01\\\/logotipo_posada_la_leyenda-2.png\",\"contentUrl\":\"http:\\\/\\\/www.posadalaleyenda.com\\\/wp-content\\\/uploads\\\/2019\\\/01\\\/logotipo_posada_la_leyenda-2.png\",\"width\":164,\"height\":98,\"caption\":\"Posada La Leyenda\"},\"image\":{\"@id\":\"http:\\\/\\\/www.posadalaleyenda.com\\\/#\\\/schema\\\/logo\\\/image\\\/\"},\"sameAs\":[\"https:\\\/\\\/mobile.facebook.com\\\/posadalaleyenda\\\/\",\"https:\\\/\\\/x.com\\\/posadalaleyenda\",\"https:\\\/\\\/www.instagram.com\\\/posadalaleyenda\\\/\",\"https:\\\/\\\/www.pinterest.es\\\/pin\\\/788904059722016826\\\/\"]}]}<\/script>\n<!-- \/ Yoast SEO plugin. -->","yoast_head_json":{"title":"Ofertas - Posada La Leyenda","robots":{"index":"index","follow":"follow","max-snippet":"max-snippet:-1","max-image-preview":"max-image-preview:large","max-video-preview":"max-video-preview:-1"},"canonical":"http:\/\/www.posadalaleyenda.com\/en\/ofertas\/","og_locale":"en_US","og_type":"article","og_title":"Ofertas - Posada La Leyenda","og_url":"http:\/\/www.posadalaleyenda.com\/en\/ofertas\/","og_site_name":"Posada La Leyenda","article_publisher":"https:\/\/mobile.facebook.com\/posadalaleyenda\/","article_modified_time":"2019-03-19T11:22:33+00:00","twitter_card":"summary_large_image","twitter_site":"@posadalaleyenda","schema":{"@context":"https:\/\/schema.org","@graph":[{"@type":"WebPage","@id":"http:\/\/www.posadalaleyenda.com\/en\/ofertas\/","url":"http:\/\/www.posadalaleyenda.com\/en\/ofertas\/","name":"Ofertas - Posada La Leyenda","isPartOf":{"@id":"http:\/\/www.posadalaleyenda.com\/#website"},"datePublished":"2019-01-15T12:38:37+00:00","dateModified":"2019-03-19T11:22:33+00:00","breadcrumb":{"@id":"http:\/\/www.posadalaleyenda.com\/en\/ofertas\/#breadcrumb"},"inLanguage":"en-US","potentialAction":[{"@type":"ReadAction","target":["http:\/\/www.posadalaleyenda.com\/en\/ofertas\/"]}]},{"@type":"BreadcrumbList","@id":"http:\/\/www.posadalaleyenda.com\/en\/ofertas\/#breadcrumb","itemListElement":[{"@type":"ListItem","position":1,"name":"Portada","item":"http:\/\/www.posadalaleyenda.com\/"},{"@type":"ListItem","position":2,"name":"Ofertas"}]},{"@type":"WebSite","@id":"http:\/\/www.posadalaleyenda.com\/#website","url":"http:\/\/www.posadalaleyenda.com\/","name":"Posada La Leyenda","description":"Posada en Cantabria. Turismo Rural en Cantabria","publisher":{"@id":"http:\/\/www.posadalaleyenda.com\/#organization"},"potentialAction":[{"@type":"SearchAction","target":{"@type":"EntryPoint","urlTemplate":"http:\/\/www.posadalaleyenda.com\/?s={search_term_string}"},"query-input":{"@type":"PropertyValueSpecification","valueRequired":true,"valueName":"search_term_string"}}],"inLanguage":"en-US"},{"@type":"Organization","@id":"http:\/\/www.posadalaleyenda.com\/#organization","name":"Posada La Leyenda","url":"http:\/\/www.posadalaleyenda.com\/","logo":{"@type":"ImageObject","inLanguage":"en-US","@id":"http:\/\/www.posadalaleyenda.com\/#\/schema\/logo\/image\/","url":"http:\/\/www.posadalaleyenda.com\/wp-content\/uploads\/2019\/01\/logotipo_posada_la_leyenda-2.png","contentUrl":"http:\/\/www.posadalaleyenda.com\/wp-content\/uploads\/2019\/01\/logotipo_posada_la_leyenda-2.png","width":164,"height":98,"caption":"Posada La Leyenda"},"image":{"@id":"http:\/\/www.posadalaleyenda.com\/#\/schema\/logo\/image\/"},"sameAs":["https:\/\/mobile.facebook.com\/posadalaleyenda\/","https:\/\/x.com\/posadalaleyenda","https:\/\/www.instagram.com\/posadalaleyenda\/","https:\/\/www.pinterest.es\/pin\/788904059722016826\/"]}]}},"_links":{"self":[{"href":"http:\/\/www.posadalaleyenda.com\/en\/wp-json\/wp\/v2\/pages\/23","targetHints":{"allow":["GET"]}}],"collection":[{"href":"http:\/\/www.posadalaleyenda.com\/en\/wp-json\/wp\/v2\/pages"}],"about":[{"href":"http:\/\/www.posadalaleyenda.com\/en\/wp-json\/wp\/v2\/types\/page"}],"author":[{"embeddable":true,"href":"http:\/\/www.posadalaleyenda.com\/en\/wp-json\/wp\/v2\/users\/1"}],"replies":[{"embeddable":true,"href":"http:\/\/www.posadalaleyenda.com\/en\/wp-json\/wp\/v2\/comments?post=23"}],"version-history":[{"count":2,"href":"http:\/\/www.posadalaleyenda.com\/en\/wp-json\/wp\/v2\/pages\/23\/revisions"}],"predecessor-version":[{"id":803,"href":"http:\/\/www.posadalaleyenda.com\/en\/wp-json\/wp\/v2\/pages\/23\/revisions\/803"}],"wp:attachment":[{"href":"http:\/\/www.posadalaleyenda.com\/en\/wp-json\/wp\/v2\/media?parent=23"}],"curies":[{"name":"wp","href":"https:\/\/api.w.org\/{rel}","templated":true}]}}