{"id":2940,"date":"2026-01-12T14:03:04","date_gmt":"2026-01-12T13:03:04","guid":{"rendered":"https:\/\/www.posadalaleyenda.com\/?page_id=2940"},"modified":"2026-01-12T14:10:12","modified_gmt":"2026-01-12T13:10:12","slug":"servicios","status":"publish","type":"page","link":"http:\/\/www.posadalaleyenda.com\/en\/servicios\/","title":{"rendered":"Services"},"content":{"rendered":"\t\t<div data-elementor-type=\"wp-page\" data-elementor-id=\"2940\" class=\"elementor elementor-2940\">\n\t\t\t\t<div class=\"elementor-element elementor-element-f6b01c5 e-con-full e-flex e-con e-parent\" data-id=\"f6b01c5\" data-element_type=\"container\" data-e-type=\"container\" data-settings=\"{&quot;background_background&quot;:&quot;classic&quot;}\">\n\t\t\t\t<\/div>\n\t\t<div class=\"elementor-element elementor-element-ca5e5b9 e-flex e-con-boxed e-con e-parent\" data-id=\"ca5e5b9\" data-element_type=\"container\" data-e-type=\"container\">\n\t\t\t\t\t<div class=\"e-con-inner\">\n\t\t\t\t<div class=\"elementor-element elementor-element-39ca7e8 elementor-widget elementor-widget-heading\" data-id=\"39ca7e8\" data-element_type=\"widget\" data-e-type=\"widget\" data-widget_type=\"heading.default\">\n\t\t\t\t\t<h2 class=\"elementor-heading-title elementor-size-default\">Momentos para Disfrutar<\/h2>\t\t\t\t<\/div>\n\t\t\t\t\t<\/div>\n\t\t\t\t<\/div>\n\t\t<div class=\"elementor-element elementor-element-65e2f9c e-flex e-con-boxed e-con e-parent\" data-id=\"65e2f9c\" data-element_type=\"container\" data-e-type=\"container\">\n\t\t\t\t\t<div class=\"e-con-inner\">\n\t\t<div class=\"elementor-element elementor-element-8fb0627 e-con-full e-flex e-con e-child\" data-id=\"8fb0627\" data-element_type=\"container\" data-e-type=\"container\">\n\t\t\t\t<div class=\"elementor-element elementor-element-231a3dc elementor-position-top elementor-widget elementor-widget-image-box\" data-id=\"231a3dc\" data-element_type=\"widget\" data-e-type=\"widget\" data-widget_type=\"image-box.default\">\n\t\t\t\t\t<div class=\"elementor-image-box-wrapper\"><figure class=\"elementor-image-box-img\"><img fetchpriority=\"high\" decoding=\"async\" width=\"400\" height=\"400\" src=\"https:\/\/www.posadalaleyenda.com\/wp-content\/uploads\/2026\/01\/buffet.jpeg\" class=\"attachment-full size-full wp-image-2926\" alt=\"\" srcset=\"https:\/\/www.posadalaleyenda.com\/wp-content\/uploads\/2026\/01\/buffet.jpeg 400w, https:\/\/www.posadalaleyenda.com\/wp-content\/uploads\/2026\/01\/buffet-300x300.jpeg 300w, https:\/\/www.posadalaleyenda.com\/wp-content\/uploads\/2026\/01\/buffet-150x150.jpeg 150w, https:\/\/www.posadalaleyenda.com\/wp-content\/uploads\/2026\/01\/buffet-75x75.jpeg 75w\" sizes=\"(max-width: 400px) 100vw, 400px\" \/><\/figure><div class=\"elementor-image-box-content\"><h3 class=\"elementor-image-box-title\">DESAYUNOS <\/h3><p class=\"elementor-image-box-description\">Desayuno buffet con amplia variedad  de productos de Cantabria, frutas, yogures, quesos, embutidos, panes, cereales, salados, dulces, reposteria recien horneada, platos calientes...\n<br \/> \nPrecio de Desayuno Buffet por persona: 14\u20ac<br \/>  \nDesayuno sin gluten (previo aviso).\n<\/p><\/div><\/div>\t\t\t\t<\/div>\n\t\t\t\t<\/div>\n\t\t<div class=\"elementor-element elementor-element-55ff5fc e-con-full e-flex e-con e-child\" data-id=\"55ff5fc\" data-element_type=\"container\" data-e-type=\"container\">\n\t\t\t\t<div class=\"elementor-element elementor-element-14a55fc elementor-position-top elementor-widget elementor-widget-image-box\" data-id=\"14a55fc\" data-element_type=\"widget\" data-e-type=\"widget\" data-widget_type=\"image-box.default\">\n\t\t\t\t\t<div class=\"elementor-image-box-wrapper\"><figure class=\"elementor-image-box-img\"><img decoding=\"async\" width=\"400\" height=\"400\" src=\"https:\/\/www.posadalaleyenda.com\/wp-content\/uploads\/2026\/01\/food.jpg\" class=\"attachment-full size-full wp-image-2922\" alt=\"\" srcset=\"https:\/\/www.posadalaleyenda.com\/wp-content\/uploads\/2026\/01\/food.jpg 400w, https:\/\/www.posadalaleyenda.com\/wp-content\/uploads\/2026\/01\/food-300x300.jpg 300w, https:\/\/www.posadalaleyenda.com\/wp-content\/uploads\/2026\/01\/food-150x150.jpg 150w, https:\/\/www.posadalaleyenda.com\/wp-content\/uploads\/2026\/01\/food-75x75.jpg 75w\" sizes=\"(max-width: 400px) 100vw, 400px\" \/><\/figure><div class=\"elementor-image-box-content\"><h3 class=\"elementor-image-box-title\">FOOD TRUCK <\/h3><p class=\"elementor-image-box-description\">Disponemos de food truck al aire libre donde podr\u00e1n disfrutar de deliciosos cocteles, mojitos, selecion de vinos o refrescos y comida como perritos,hamburguesas o patatas. <br \/>\nHorario hasta las  23.30 \n\n<\/p><\/div><\/div>\t\t\t\t<\/div>\n\t\t\t\t<\/div>\n\t\t<div class=\"elementor-element elementor-element-2400fcc e-con-full e-flex e-con e-child\" data-id=\"2400fcc\" data-element_type=\"container\" data-e-type=\"container\">\n\t\t\t\t<div class=\"elementor-element elementor-element-6f3deb0 elementor-position-top elementor-widget elementor-widget-image-box\" data-id=\"6f3deb0\" data-element_type=\"widget\" data-e-type=\"widget\" data-widget_type=\"image-box.default\">\n\t\t\t\t\t<div class=\"elementor-image-box-wrapper\"><figure class=\"elementor-image-box-img\"><img decoding=\"async\" width=\"400\" height=\"400\" src=\"https:\/\/www.posadalaleyenda.com\/wp-content\/uploads\/2019\/03\/piscinas.jpg\" class=\"attachment-full size-full wp-image-439\" alt=\"\" srcset=\"https:\/\/www.posadalaleyenda.com\/wp-content\/uploads\/2019\/03\/piscinas.jpg 400w, https:\/\/www.posadalaleyenda.com\/wp-content\/uploads\/2019\/03\/piscinas-150x150.jpg 150w, https:\/\/www.posadalaleyenda.com\/wp-content\/uploads\/2019\/03\/piscinas-300x300.jpg 300w, https:\/\/www.posadalaleyenda.com\/wp-content\/uploads\/2019\/03\/piscinas-75x75.jpg 75w\" sizes=\"(max-width: 400px) 100vw, 400px\" \/><\/figure><div class=\"elementor-image-box-content\"><h3 class=\"elementor-image-box-title\">PISCINA EXTERIOR Y JACUZZI <\/h3><p class=\"elementor-image-box-description\">Piscina abierta desde semana santa a septiembre.\n<br \/> \nObligatoriedad de ducharse antes de entrar en la piscina.\n<br \/> \nProhibido saltar de cabeza. \n<br \/> \nProhibido comer, beber y fumar en la zona de ba\u00f1o.\n<br \/> \nProhibido sacar las toallas de los ba\u00f1os del hotel a la piscina. \n<br \/> \nHorario de piscina desde las  10 a 20 horas  \n\n<\/p><\/div><\/div>\t\t\t\t<\/div>\n\t\t\t\t<\/div>\n\t\t<div class=\"elementor-element elementor-element-acf3199 e-con-full e-flex e-con e-child\" data-id=\"acf3199\" data-element_type=\"container\" data-e-type=\"container\">\n\t\t\t\t<div class=\"elementor-element elementor-element-c0ce738 elementor-position-top elementor-widget elementor-widget-image-box\" data-id=\"c0ce738\" data-element_type=\"widget\" data-e-type=\"widget\" data-widget_type=\"image-box.default\">\n\t\t\t\t\t<div class=\"elementor-image-box-wrapper\"><figure class=\"elementor-image-box-img\"><img loading=\"lazy\" decoding=\"async\" width=\"400\" height=\"400\" src=\"https:\/\/www.posadalaleyenda.com\/wp-content\/uploads\/2026\/01\/parking.jpg\" class=\"attachment-full size-full wp-image-2930\" alt=\"\" srcset=\"https:\/\/www.posadalaleyenda.com\/wp-content\/uploads\/2026\/01\/parking.jpg 400w, https:\/\/www.posadalaleyenda.com\/wp-content\/uploads\/2026\/01\/parking-300x300.jpg 300w, https:\/\/www.posadalaleyenda.com\/wp-content\/uploads\/2026\/01\/parking-150x150.jpg 150w, https:\/\/www.posadalaleyenda.com\/wp-content\/uploads\/2026\/01\/parking-75x75.jpg 75w\" sizes=\"(max-width: 400px) 100vw, 400px\" \/><\/figure><div class=\"elementor-image-box-content\"><h3 class=\"elementor-image-box-title\">PARKING PRIVADO<\/h3><p class=\"elementor-image-box-description\">La posada dispone de parking privado, vigilado y gratuito para uso exclusivo de nuestros  clientes. \n<br \/>  Contamos tambien con punto de recarga para coche electrico, 2 \u20ac la hora o 25 \u20ac toda la noche.\n<\/p><\/div><\/div>\t\t\t\t<\/div>\n\t\t\t\t<\/div>\n\t\t<div class=\"elementor-element elementor-element-48bd8e8 e-con-full e-flex e-con e-child\" data-id=\"48bd8e8\" data-element_type=\"container\" data-e-type=\"container\">\n\t\t\t\t<div class=\"elementor-element elementor-element-b64df94 elementor-position-top elementor-widget elementor-widget-image-box\" data-id=\"b64df94\" data-element_type=\"widget\" data-e-type=\"widget\" data-widget_type=\"image-box.default\">\n\t\t\t\t\t<div class=\"elementor-image-box-wrapper\"><figure class=\"elementor-image-box-img\"><img decoding=\"async\" src=\"https:\/\/www.posadalaleyenda.com\/wp-content\/uploads\/2019\/03\/parque_infantil.jpg\" title=\"parque_infantil\" alt=\"parque_infantil\" loading=\"lazy\" \/><\/figure><div class=\"elementor-image-box-content\"><h3 class=\"elementor-image-box-title\">PARQUE INFANTIL <\/h3><p class=\"elementor-image-box-description\">Disponemos de un espacio interior con un parque infantil para que los m\u00e1s peque\u00f1os puedan disfrutar y dejar volar su imaginacion, interactuar con otros ni\u00f1os o simplemente divertirse. \nProhibido de acceso de adultos al parque infantil. \nProhibido comer y beber dentro del parque. \n\n<\/p><\/div><\/div>\t\t\t\t<\/div>\n\t\t\t\t<\/div>\n\t\t<div class=\"elementor-element elementor-element-c249087 e-con-full e-flex e-con e-child\" data-id=\"c249087\" data-element_type=\"container\" data-e-type=\"container\">\n\t\t\t\t<div class=\"elementor-element elementor-element-e9c3762 elementor-position-top elementor-widget elementor-widget-image-box\" data-id=\"e9c3762\" data-element_type=\"widget\" data-e-type=\"widget\" data-widget_type=\"image-box.default\">\n\t\t\t\t\t<div class=\"elementor-image-box-wrapper\"><figure class=\"elementor-image-box-img\"><img loading=\"lazy\" decoding=\"async\" width=\"400\" height=\"400\" src=\"https:\/\/www.posadalaleyenda.com\/wp-content\/uploads\/2026\/01\/sauna.jpg\" class=\"attachment-full size-full wp-image-2932\" alt=\"\" srcset=\"https:\/\/www.posadalaleyenda.com\/wp-content\/uploads\/2026\/01\/sauna.jpg 400w, https:\/\/www.posadalaleyenda.com\/wp-content\/uploads\/2026\/01\/sauna-300x300.jpg 300w, https:\/\/www.posadalaleyenda.com\/wp-content\/uploads\/2026\/01\/sauna-150x150.jpg 150w, https:\/\/www.posadalaleyenda.com\/wp-content\/uploads\/2026\/01\/sauna-75x75.jpg 75w\" sizes=\"(max-width: 400px) 100vw, 400px\" \/><\/figure><div class=\"elementor-image-box-content\"><h3 class=\"elementor-image-box-title\">SAUNA <\/h3><p class=\"elementor-image-box-description\">Servicio de sauna privada para dos. \nPrecio de sauna privada para dos 30\u20ac \n\n<\/p><\/div><\/div>\t\t\t\t<\/div>\n\t\t\t\t<\/div>\n\t\t<div class=\"elementor-element elementor-element-df5086f e-con-full e-flex e-con e-child\" data-id=\"df5086f\" data-element_type=\"container\" data-e-type=\"container\">\n\t\t\t\t<div class=\"elementor-element elementor-element-e17d199 elementor-position-top elementor-widget elementor-widget-image-box\" data-id=\"e17d199\" data-element_type=\"widget\" data-e-type=\"widget\" data-widget_type=\"image-box.default\">\n\t\t\t\t\t<div class=\"elementor-image-box-wrapper\"><figure class=\"elementor-image-box-img\"><img loading=\"lazy\" decoding=\"async\" width=\"400\" height=\"400\" src=\"https:\/\/www.posadalaleyenda.com\/wp-content\/uploads\/2019\/03\/pack_romantico.jpg\" class=\"attachment-full size-full wp-image-436\" alt=\"\" srcset=\"https:\/\/www.posadalaleyenda.com\/wp-content\/uploads\/2019\/03\/pack_romantico.jpg 400w, https:\/\/www.posadalaleyenda.com\/wp-content\/uploads\/2019\/03\/pack_romantico-150x150.jpg 150w, https:\/\/www.posadalaleyenda.com\/wp-content\/uploads\/2019\/03\/pack_romantico-300x300.jpg 300w, https:\/\/www.posadalaleyenda.com\/wp-content\/uploads\/2019\/03\/pack_romantico-75x75.jpg 75w\" sizes=\"(max-width: 400px) 100vw, 400px\" \/><\/figure><div class=\"elementor-image-box-content\"><h3 class=\"elementor-image-box-title\">PACK ROMANTICO <\/h3><p class=\"elementor-image-box-description\">Puedes disfrutar de un pack  romantico que contiene  velas, cava,bombones,petalos,globos y decoracion romantica. \nPrecio del pack 30\u20ac\n\n\n<\/p><\/div><\/div>\t\t\t\t<\/div>\n\t\t\t\t<\/div>\n\t\t<div class=\"elementor-element elementor-element-81af360 e-con-full e-flex e-con e-child\" data-id=\"81af360\" data-element_type=\"container\" data-e-type=\"container\">\n\t\t\t\t<div class=\"elementor-element elementor-element-6728a2c elementor-position-top elementor-widget elementor-widget-image-box\" data-id=\"6728a2c\" data-element_type=\"widget\" data-e-type=\"widget\" data-widget_type=\"image-box.default\">\n\t\t\t\t\t<div class=\"elementor-image-box-wrapper\"><figure class=\"elementor-image-box-img\"><img loading=\"lazy\" decoding=\"async\" width=\"400\" height=\"400\" src=\"https:\/\/www.posadalaleyenda.com\/wp-content\/uploads\/2019\/03\/terrazas.jpg\" class=\"attachment-full size-full wp-image-440\" alt=\"\" srcset=\"https:\/\/www.posadalaleyenda.com\/wp-content\/uploads\/2019\/03\/terrazas.jpg 400w, https:\/\/www.posadalaleyenda.com\/wp-content\/uploads\/2019\/03\/terrazas-150x150.jpg 150w, https:\/\/www.posadalaleyenda.com\/wp-content\/uploads\/2019\/03\/terrazas-300x300.jpg 300w, https:\/\/www.posadalaleyenda.com\/wp-content\/uploads\/2019\/03\/terrazas-75x75.jpg 75w\" sizes=\"(max-width: 400px) 100vw, 400px\" \/><\/figure><div class=\"elementor-image-box-content\"><h3 class=\"elementor-image-box-title\">ZONAS COMUNES<\/h3><p class=\"elementor-image-box-description\">Disponemos de amplias terrazas , y amplios espacios al aire libre para desconectar sin salir de la posada . D\u00e9jate envolver por un ambiente relajante en nuestros espacios, vive momentos magicos ,podras descansar  al sol,  leer un libro , tomar un combinado o simplemente relajarte escuchando el canto de los pajaros \n\n<\/p><\/div><\/div>\t\t\t\t<\/div>\n\t\t\t\t<\/div>\n\t\t<div class=\"elementor-element elementor-element-e1c4e0d e-con-full e-flex e-con e-child\" data-id=\"e1c4e0d\" data-element_type=\"container\" data-e-type=\"container\">\n\t\t\t\t<div class=\"elementor-element elementor-element-5728405 elementor-position-top elementor-widget elementor-widget-image-box\" data-id=\"5728405\" data-element_type=\"widget\" data-e-type=\"widget\" data-widget_type=\"image-box.default\">\n\t\t\t\t\t<div class=\"elementor-image-box-wrapper\"><figure class=\"elementor-image-box-img\"><img loading=\"lazy\" decoding=\"async\" width=\"400\" height=\"400\" src=\"https:\/\/www.posadalaleyenda.com\/wp-content\/uploads\/2019\/03\/jacuzzi.jpg\" class=\"attachment-full size-full wp-image-435\" alt=\"\" srcset=\"https:\/\/www.posadalaleyenda.com\/wp-content\/uploads\/2019\/03\/jacuzzi.jpg 400w, https:\/\/www.posadalaleyenda.com\/wp-content\/uploads\/2019\/03\/jacuzzi-150x150.jpg 150w, https:\/\/www.posadalaleyenda.com\/wp-content\/uploads\/2019\/03\/jacuzzi-300x300.jpg 300w, https:\/\/www.posadalaleyenda.com\/wp-content\/uploads\/2019\/03\/jacuzzi-75x75.jpg 75w\" sizes=\"(max-width: 400px) 100vw, 400px\" \/><\/figure><div class=\"elementor-image-box-content\"><h3 class=\"elementor-image-box-title\">EXTRAS<\/h3><p class=\"elementor-image-box-description\">Segun las caracteristicas de la habitacion pueden disfrutar de habitaciones con hidromasaje, jacuzzi o minipiscina. \n\n<\/p><\/div><\/div>\t\t\t\t<\/div>\n\t\t\t\t<\/div>\n\t\t\t\t\t<\/div>\n\t\t\t\t<\/div>\n\t\t\t\t<\/div>\n\t\t","protected":false},"excerpt":{"rendered":"<p>Momentos para Disfrutar DESAYUNOS Desayuno buffet con amplia variedad de productos de Cantabria, frutas, yogures, quesos, embutidos, panes, cereales, salados, [&hellip;]<\/p>\n","protected":false},"author":1,"featured_media":0,"parent":0,"menu_order":0,"comment_status":"closed","ping_status":"closed","template":"elementor_header_footer","meta":{"om_disable_all_campaigns":false,"_mi_skip_tracking":false,"_monsterinsights_sitenote_active":false,"_monsterinsights_sitenote_note":"","_monsterinsights_sitenote_category":0,"_joinchat":[],"footnotes":""},"class_list":["post-2940","page","type-page","status-publish","hentry"],"yoast_head":"<!-- This site is optimized with the Yoast SEO plugin v27.4 - https:\/\/yoast.com\/product\/yoast-seo-wordpress\/ -->\n<title>Services - Posada La Leyenda<\/title>\n<meta name=\"robots\" content=\"index, follow, max-snippet:-1, max-image-preview:large, max-video-preview:-1\" \/>\n<link rel=\"canonical\" href=\"http:\/\/www.posadalaleyenda.com\/en\/servicios\/\" \/>\n<meta property=\"og:locale\" content=\"en_US\" \/>\n<meta property=\"og:type\" content=\"article\" \/>\n<meta property=\"og:title\" content=\"[:es]Servicios[:en]Services[:] - Posada La Leyenda\" \/>\n<meta property=\"og:description\" content=\"Momentos para Disfrutar DESAYUNOS Desayuno buffet con amplia variedad de productos de Cantabria, frutas, yogures, quesos, embutidos, panes, cereales, salados, [&hellip;]\" \/>\n<meta property=\"og:url\" content=\"http:\/\/www.posadalaleyenda.com\/en\/servicios\/\" \/>\n<meta property=\"og:site_name\" content=\"Posada La Leyenda\" \/>\n<meta property=\"article:publisher\" content=\"https:\/\/mobile.facebook.com\/posadalaleyenda\/\" \/>\n<meta property=\"article:modified_time\" content=\"2026-01-12T13:10:12+00:00\" \/>\n<meta property=\"og:image\" content=\"http:\/\/www.posadalaleyenda.com\/wp-content\/uploads\/2026\/01\/buffet.jpeg\" \/>\n<meta name=\"twitter:card\" content=\"summary_large_image\" \/>\n<meta name=\"twitter:site\" content=\"@posadalaleyenda\" \/>\n<meta name=\"twitter:label1\" content=\"Est. reading time\" \/>\n\t<meta name=\"twitter:data1\" content=\"20 minutes\" \/>\n<script type=\"application\/ld+json\" class=\"yoast-schema-graph\">{\"@context\":\"https:\\\/\\\/schema.org\",\"@graph\":[{\"@type\":\"WebPage\",\"@id\":\"http:\\\/\\\/www.posadalaleyenda.com\\\/en\\\/servicios\\\/\",\"url\":\"http:\\\/\\\/www.posadalaleyenda.com\\\/en\\\/servicios\\\/\",\"name\":\"[:es]Servicios[:en]Services[:] - Posada La Leyenda\",\"isPartOf\":{\"@id\":\"http:\\\/\\\/www.posadalaleyenda.com\\\/#website\"},\"primaryImageOfPage\":{\"@id\":\"http:\\\/\\\/www.posadalaleyenda.com\\\/en\\\/servicios\\\/#primaryimage\"},\"image\":{\"@id\":\"http:\\\/\\\/www.posadalaleyenda.com\\\/en\\\/servicios\\\/#primaryimage\"},\"thumbnailUrl\":\"http:\\\/\\\/www.posadalaleyenda.com\\\/wp-content\\\/uploads\\\/2026\\\/01\\\/buffet.jpeg\",\"datePublished\":\"2026-01-12T13:03:04+00:00\",\"dateModified\":\"2026-01-12T13:10:12+00:00\",\"breadcrumb\":{\"@id\":\"http:\\\/\\\/www.posadalaleyenda.com\\\/en\\\/servicios\\\/#breadcrumb\"},\"inLanguage\":\"en-US\",\"potentialAction\":[{\"@type\":\"ReadAction\",\"target\":[\"http:\\\/\\\/www.posadalaleyenda.com\\\/en\\\/servicios\\\/\"]}]},{\"@type\":\"ImageObject\",\"inLanguage\":\"en-US\",\"@id\":\"http:\\\/\\\/www.posadalaleyenda.com\\\/en\\\/servicios\\\/#primaryimage\",\"url\":\"http:\\\/\\\/www.posadalaleyenda.com\\\/wp-content\\\/uploads\\\/2026\\\/01\\\/buffet.jpeg\",\"contentUrl\":\"http:\\\/\\\/www.posadalaleyenda.com\\\/wp-content\\\/uploads\\\/2026\\\/01\\\/buffet.jpeg\"},{\"@type\":\"BreadcrumbList\",\"@id\":\"http:\\\/\\\/www.posadalaleyenda.com\\\/en\\\/servicios\\\/#breadcrumb\",\"itemListElement\":[{\"@type\":\"ListItem\",\"position\":1,\"name\":\"Portada\",\"item\":\"http:\\\/\\\/www.posadalaleyenda.com\\\/\"},{\"@type\":\"ListItem\",\"position\":2,\"name\":\"Services\"}]},{\"@type\":\"WebSite\",\"@id\":\"http:\\\/\\\/www.posadalaleyenda.com\\\/#website\",\"url\":\"http:\\\/\\\/www.posadalaleyenda.com\\\/\",\"name\":\"Posada La Leyenda\",\"description\":\"Posada en Cantabria. Turismo Rural en Cantabria\",\"publisher\":{\"@id\":\"http:\\\/\\\/www.posadalaleyenda.com\\\/#organization\"},\"potentialAction\":[{\"@type\":\"SearchAction\",\"target\":{\"@type\":\"EntryPoint\",\"urlTemplate\":\"http:\\\/\\\/www.posadalaleyenda.com\\\/?s={search_term_string}\"},\"query-input\":{\"@type\":\"PropertyValueSpecification\",\"valueRequired\":true,\"valueName\":\"search_term_string\"}}],\"inLanguage\":\"en-US\"},{\"@type\":\"Organization\",\"@id\":\"http:\\\/\\\/www.posadalaleyenda.com\\\/#organization\",\"name\":\"Posada La Leyenda\",\"url\":\"http:\\\/\\\/www.posadalaleyenda.com\\\/\",\"logo\":{\"@type\":\"ImageObject\",\"inLanguage\":\"en-US\",\"@id\":\"http:\\\/\\\/www.posadalaleyenda.com\\\/#\\\/schema\\\/logo\\\/image\\\/\",\"url\":\"http:\\\/\\\/www.posadalaleyenda.com\\\/wp-content\\\/uploads\\\/2019\\\/01\\\/logotipo_posada_la_leyenda-2.png\",\"contentUrl\":\"http:\\\/\\\/www.posadalaleyenda.com\\\/wp-content\\\/uploads\\\/2019\\\/01\\\/logotipo_posada_la_leyenda-2.png\",\"width\":164,\"height\":98,\"caption\":\"Posada La Leyenda\"},\"image\":{\"@id\":\"http:\\\/\\\/www.posadalaleyenda.com\\\/#\\\/schema\\\/logo\\\/image\\\/\"},\"sameAs\":[\"https:\\\/\\\/mobile.facebook.com\\\/posadalaleyenda\\\/\",\"https:\\\/\\\/x.com\\\/posadalaleyenda\",\"https:\\\/\\\/www.instagram.com\\\/posadalaleyenda\\\/\",\"https:\\\/\\\/www.pinterest.es\\\/pin\\\/788904059722016826\\\/\"]}]}<\/script>\n<!-- \/ Yoast SEO plugin. -->","yoast_head_json":{"title":"[:es]Servicios[:en]Services[:] - Posada La Leyenda","robots":{"index":"index","follow":"follow","max-snippet":"max-snippet:-1","max-image-preview":"max-image-preview:large","max-video-preview":"max-video-preview:-1"},"canonical":"http:\/\/www.posadalaleyenda.com\/en\/servicios\/","og_locale":"en_US","og_type":"article","og_title":"[:es]Servicios[:en]Services[:] - Posada La Leyenda","og_description":"Momentos para Disfrutar DESAYUNOS Desayuno buffet con amplia variedad de productos de Cantabria, frutas, yogures, quesos, embutidos, panes, cereales, salados, [&hellip;]","og_url":"http:\/\/www.posadalaleyenda.com\/en\/servicios\/","og_site_name":"Posada La Leyenda","article_publisher":"https:\/\/mobile.facebook.com\/posadalaleyenda\/","article_modified_time":"2026-01-12T13:10:12+00:00","og_image":[{"url":"http:\/\/www.posadalaleyenda.com\/wp-content\/uploads\/2026\/01\/buffet.jpeg","type":"","width":"","height":""}],"twitter_card":"summary_large_image","twitter_site":"@posadalaleyenda","twitter_misc":{"Est. reading time":"20 minutes"},"schema":{"@context":"https:\/\/schema.org","@graph":[{"@type":"WebPage","@id":"http:\/\/www.posadalaleyenda.com\/en\/servicios\/","url":"http:\/\/www.posadalaleyenda.com\/en\/servicios\/","name":"[:es]Servicios[:en]Services[:] - Posada La Leyenda","isPartOf":{"@id":"http:\/\/www.posadalaleyenda.com\/#website"},"primaryImageOfPage":{"@id":"http:\/\/www.posadalaleyenda.com\/en\/servicios\/#primaryimage"},"image":{"@id":"http:\/\/www.posadalaleyenda.com\/en\/servicios\/#primaryimage"},"thumbnailUrl":"http:\/\/www.posadalaleyenda.com\/wp-content\/uploads\/2026\/01\/buffet.jpeg","datePublished":"2026-01-12T13:03:04+00:00","dateModified":"2026-01-12T13:10:12+00:00","breadcrumb":{"@id":"http:\/\/www.posadalaleyenda.com\/en\/servicios\/#breadcrumb"},"inLanguage":"en-US","potentialAction":[{"@type":"ReadAction","target":["http:\/\/www.posadalaleyenda.com\/en\/servicios\/"]}]},{"@type":"ImageObject","inLanguage":"en-US","@id":"http:\/\/www.posadalaleyenda.com\/en\/servicios\/#primaryimage","url":"http:\/\/www.posadalaleyenda.com\/wp-content\/uploads\/2026\/01\/buffet.jpeg","contentUrl":"http:\/\/www.posadalaleyenda.com\/wp-content\/uploads\/2026\/01\/buffet.jpeg"},{"@type":"BreadcrumbList","@id":"http:\/\/www.posadalaleyenda.com\/en\/servicios\/#breadcrumb","itemListElement":[{"@type":"ListItem","position":1,"name":"Portada","item":"http:\/\/www.posadalaleyenda.com\/"},{"@type":"ListItem","position":2,"name":"Services"}]},{"@type":"WebSite","@id":"http:\/\/www.posadalaleyenda.com\/#website","url":"http:\/\/www.posadalaleyenda.com\/","name":"Posada La Leyenda","description":"Posada en Cantabria. Turismo Rural en Cantabria","publisher":{"@id":"http:\/\/www.posadalaleyenda.com\/#organization"},"potentialAction":[{"@type":"SearchAction","target":{"@type":"EntryPoint","urlTemplate":"http:\/\/www.posadalaleyenda.com\/?s={search_term_string}"},"query-input":{"@type":"PropertyValueSpecification","valueRequired":true,"valueName":"search_term_string"}}],"inLanguage":"en-US"},{"@type":"Organization","@id":"http:\/\/www.posadalaleyenda.com\/#organization","name":"Posada La Leyenda","url":"http:\/\/www.posadalaleyenda.com\/","logo":{"@type":"ImageObject","inLanguage":"en-US","@id":"http:\/\/www.posadalaleyenda.com\/#\/schema\/logo\/image\/","url":"http:\/\/www.posadalaleyenda.com\/wp-content\/uploads\/2019\/01\/logotipo_posada_la_leyenda-2.png","contentUrl":"http:\/\/www.posadalaleyenda.com\/wp-content\/uploads\/2019\/01\/logotipo_posada_la_leyenda-2.png","width":164,"height":98,"caption":"Posada La Leyenda"},"image":{"@id":"http:\/\/www.posadalaleyenda.com\/#\/schema\/logo\/image\/"},"sameAs":["https:\/\/mobile.facebook.com\/posadalaleyenda\/","https:\/\/x.com\/posadalaleyenda","https:\/\/www.instagram.com\/posadalaleyenda\/","https:\/\/www.pinterest.es\/pin\/788904059722016826\/"]}]}},"_links":{"self":[{"href":"http:\/\/www.posadalaleyenda.com\/en\/wp-json\/wp\/v2\/pages\/2940","targetHints":{"allow":["GET"]}}],"collection":[{"href":"http:\/\/www.posadalaleyenda.com\/en\/wp-json\/wp\/v2\/pages"}],"about":[{"href":"http:\/\/www.posadalaleyenda.com\/en\/wp-json\/wp\/v2\/types\/page"}],"author":[{"embeddable":true,"href":"http:\/\/www.posadalaleyenda.com\/en\/wp-json\/wp\/v2\/users\/1"}],"replies":[{"embeddable":true,"href":"http:\/\/www.posadalaleyenda.com\/en\/wp-json\/wp\/v2\/comments?post=2940"}],"version-history":[{"count":10,"href":"http:\/\/www.posadalaleyenda.com\/en\/wp-json\/wp\/v2\/pages\/2940\/revisions"}],"predecessor-version":[{"id":2952,"href":"http:\/\/www.posadalaleyenda.com\/en\/wp-json\/wp\/v2\/pages\/2940\/revisions\/2952"}],"wp:attachment":[{"href":"http:\/\/www.posadalaleyenda.com\/en\/wp-json\/wp\/v2\/media?parent=2940"}],"curies":[{"name":"wp","href":"https:\/\/api.w.org\/{rel}","templated":true}]}}