{"id":1212,"date":"2019-07-02T17:04:45","date_gmt":"2019-07-02T17:04:45","guid":{"rendered":"http:\/\/www.posadalaleyenda.com\/?page_id=1212"},"modified":"2021-04-13T08:43:52","modified_gmt":"2021-04-13T08:43:52","slug":"reservas","status":"publish","type":"page","link":"https:\/\/www.posadalaleyenda.com\/en\/reservas\/","title":{"rendered":"Rate"},"content":{"rendered":"<div id=\"pl-1212\"  class=\"panel-layout\" ><div id=\"pg-1212-0\"  class=\"panel-grid panel-has-style\" ><div class=\"siteorigin-panels-stretch panel-row-style panel-row-style-for-1212-0\" data-stretch-type=\"full-stretched\" ><div id=\"pgc-1212-0-0\"  class=\"panel-grid-cell panel-grid-cell-empty\" ><\/div><\/div><\/div><div id=\"pg-1212-1\"  class=\"panel-grid panel-no-style\" ><div id=\"pgc-1212-1-0\"  class=\"panel-grid-cell\" ><div id=\"panel-1212-1-0-0\" class=\"so-panel widget widget_text panel-first-child\" data-index=\"0\" ><h3 class=\"widget-title\">Reservas<\/h3>\t\t\t<div class=\"textwidget\"><p>Introduzca fechas para ver precios y disponibilidad.<\/p>\n<\/div>\n\t\t<\/div><div id=\"panel-1212-1-0-1\" class=\"so-panel widget widget_text panel-last-child\" data-index=\"1\" >\t\t\t<div class=\"textwidget\">  <div  id=\"avirato_container\" style=\"  margin:0 auto; width:100%;z-index: 900;\">\r\n      <div class=\"avirato_form acipZone\" >\r\n      <form id=\"form_avirato\" action=\"#\" method=\"POST\" target=\"_blank\">\r\n\r\n\r\n      <div><select  onchange=\"val()\" id=\"zonaSelect\"><option value=\"all\" style=\"background-color: #fff3b7\">Ubicacion<\/option><\/select><\/div><div class=\"orig\"><select name=\"hotel\" id=\"catSelect\" class=\"select_apart\"><option value=\"#\" class=\"all\" style=\"background-color: #fff3b7\">Elegir<\/option><\/select><\/div>\r\n      <div>\r\n      <input  placeholder=\"Llegada\" type=\"text\" id=\"date-picker-1-7\" readonly=\"readonly\" style=\"\" name=\"from\" > <span class=\"material-icons iconAv\">event<\/span>\r\n      <\/div>\r\n      <div>\r\n      <input  placeholder=\"Salida\" type=\"text\" id=\"date-picker-2-7\" readonly=\"readonly\" name=\"to\" style=\"\" ><span class=\"material-icons iconAv\">event<\/span>\r\n      <\/div>\r\n      <div>\r\n      <input type=\"text\" id=\"prom\" name=\"cod_promocional\" placeholder=\"C\u00f3digo Promocional\">\r\n      <\/div>\r\n      <div>\r\n      <input class=\"btn\" style=\"\" id=\"check-availability\" type=\"submit\" value=\"Reservar\">\r\n      <\/div>\r\n      <\/form>\r\n      <\/div>\r\n      <\/div>\r\n      \n<\/div>\n\t\t<\/div><\/div><\/div><div id=\"pg-1212-2\"  class=\"panel-grid panel-no-style\" ><div id=\"pgc-1212-2-0\"  class=\"panel-grid-cell\" ><div id=\"panel-1212-2-0-0\" class=\"so-panel widget widget_text panel-first-child panel-last-child\" data-index=\"2\" >\t\t\t<div class=\"textwidget\"><p style=\"text-align: justify;\"><strong>Precios con IVA incluido<\/strong>. (IVA aplicable del 10%).<\/p>\n<p style=\"text-align: justify;\">Todas las habitaciones tienen inclu\u00eddas el desayuno, salvo los apartamentos.<\/p>\n<p style=\"text-align: justify;\"><strong>Cancelaciones:<\/strong>\u00a0se comunica a nuestros clientes que es necesario leer la pol\u00edtica de cancelaci\u00f3n antes de realizar la reserva ya que no se admite devoluci\u00f3n, modificaci\u00f3n o reembolso alguno,una vez realizada la reserva.<\/p>\n<p style=\"text-align: justify;\">1 .Para realizar una reserva es necesario aportar nombre, n\u00famero de tel\u00e9fono, n\u00famero de tarjeta de cr\u00e9dito con fecha de caducidad.<\/p>\n<p style=\"text-align: justify;\">2. En el momento de realizar la reserva se deber\u00e1 abonar el coste de la primera noche. No reembolsable.<\/p>\n<p style=\"text-align: justify;\">3. La posada se reserva el derecho de comprobar la autenticidad y validez de la tarjeta antes de realizar el cargo.<\/p>\n<p style=\"text-align: justify;\">4.Si prevee llegar mas tarde de las 21:00h. comun\u00edquelo,de no notificarlo , no se garantiza la reserva teniendo derecho a no reembolsar la estancia. Si un cliente no se presenta a la reserva contratada, se realizar\u00e1 el cargo de la estancia completa. No se desembolsar\u00e1 la cuant\u00eda de las noches no disfrutadas.<\/p>\n<p style=\"text-align: justify;\">5.Si desea adelantar la salida por una causa no inmutable a la posada, deber\u00e1 abonar el importe total de la estancia reservada.<\/p>\n<p style=\"text-align: justify;\">6. Recibir\u00e1 siempre un email de confirmaci\u00f3n de la solicitud realizada en este formulario ,por parte de info@posadalaleyenda.com. Solo estar\u00e1 realizada la reserva cuando reciba el email confirmando su reserva.<\/p>\n<p style=\"text-align: justify;\">7. Si el cliente no se presenta el d\u00eda de la fecha reservada, o llega mas tarde de la hora establecida en el Check-in (21:00 h.), la Posada cargar\u00e1 el importe total de la estancia, perdiendo el derecho de la reserva o cualquier tipo de modificaci\u00f3n o reembolso.<\/p>\n<p style=\"text-align: justify;\">8. Al efectuar la reserva, el cliente es plena y exclusivamente responsable de la exactitud de todos los datos que hacer constar,ya que su incorrecci\u00f3n podr\u00eda provocar la anulaci\u00f3n de la reserva.<\/p>\n<p style=\"text-align: justify;\">9. La Posada la Leyenda har\u00e1 cargo al cliente de cualquier objeto sustra\u00eddo de las habitaciones o cualquier instalacion de la misma por el importe del coste de dicho objeto.Una vez que el cliente abandone la habitaci\u00f3n, se revisar\u00e1 y se cargar\u00e1 al cliente el coste del objeto sustra\u00eddo.<\/p>\n<p style=\"text-align: justify;\">Lamentamos las molestias que puedan ocasionarles.muchas gracias<\/p>\n<\/div>\n\t\t<\/div><\/div><\/div><\/div>","protected":false},"excerpt":{"rendered":"<p>Introduzca fechas para ver precios y disponibilidad.<\/p>\n","protected":false},"author":1,"featured_media":0,"parent":0,"menu_order":0,"comment_status":"closed","ping_status":"closed","template":"","meta":{"om_disable_all_campaigns":false,"_mi_skip_tracking":false,"_monsterinsights_sitenote_active":false,"_monsterinsights_sitenote_note":"","_monsterinsights_sitenote_category":0,"_joinchat":[],"footnotes":""},"class_list":["post-1212","page","type-page","status-publish","hentry"],"yoast_head":"<!-- This site is optimized with the Yoast SEO plugin v27.4 - https:\/\/yoast.com\/product\/yoast-seo-wordpress\/ -->\n<title>Rate - Posada La Leyenda<\/title>\n<meta name=\"robots\" content=\"index, follow, max-snippet:-1, max-image-preview:large, max-video-preview:-1\" \/>\n<link rel=\"canonical\" href=\"http:\/\/www.posadalaleyenda.com\/reservas\/\" \/>\n<meta property=\"og:locale\" content=\"en_US\" \/>\n<meta property=\"og:type\" content=\"article\" \/>\n<meta property=\"og:title\" content=\"[:es]Reservas[:en]Rate[:] - Posada La Leyenda\" \/>\n<meta property=\"og:description\" content=\"Introduzca fechas para ver precios y disponibilidad.\" \/>\n<meta property=\"og:url\" content=\"http:\/\/www.posadalaleyenda.com\/reservas\/\" \/>\n<meta property=\"og:site_name\" content=\"Posada La Leyenda\" \/>\n<meta property=\"article:publisher\" content=\"https:\/\/mobile.facebook.com\/posadalaleyenda\/\" \/>\n<meta property=\"article:modified_time\" content=\"2021-04-13T08:43:52+00:00\" \/>\n<meta name=\"twitter:card\" content=\"summary_large_image\" \/>\n<meta name=\"twitter:site\" content=\"@posadalaleyenda\" \/>\n<meta name=\"twitter:label1\" content=\"Est. reading time\" \/>\n\t<meta name=\"twitter:data1\" content=\"3 minutes\" \/>\n<script type=\"application\/ld+json\" class=\"yoast-schema-graph\">{\"@context\":\"https:\\\/\\\/schema.org\",\"@graph\":[{\"@type\":\"WebPage\",\"@id\":\"http:\\\/\\\/www.posadalaleyenda.com\\\/reservas\\\/\",\"url\":\"http:\\\/\\\/www.posadalaleyenda.com\\\/reservas\\\/\",\"name\":\"[:es]Reservas[:en]Rate[:] - Posada La Leyenda\",\"isPartOf\":{\"@id\":\"https:\\\/\\\/www.posadalaleyenda.com\\\/#website\"},\"datePublished\":\"2019-07-02T17:04:45+00:00\",\"dateModified\":\"2021-04-13T08:43:52+00:00\",\"breadcrumb\":{\"@id\":\"http:\\\/\\\/www.posadalaleyenda.com\\\/reservas\\\/#breadcrumb\"},\"inLanguage\":\"en-US\",\"potentialAction\":[{\"@type\":\"ReadAction\",\"target\":[\"http:\\\/\\\/www.posadalaleyenda.com\\\/reservas\\\/\"]}]},{\"@type\":\"BreadcrumbList\",\"@id\":\"http:\\\/\\\/www.posadalaleyenda.com\\\/reservas\\\/#breadcrumb\",\"itemListElement\":[{\"@type\":\"ListItem\",\"position\":1,\"name\":\"Portada\",\"item\":\"https:\\\/\\\/www.posadalaleyenda.com\\\/en\\\/\"},{\"@type\":\"ListItem\",\"position\":2,\"name\":\"Reservas\"}]},{\"@type\":\"WebSite\",\"@id\":\"https:\\\/\\\/www.posadalaleyenda.com\\\/#website\",\"url\":\"https:\\\/\\\/www.posadalaleyenda.com\\\/\",\"name\":\"Posada La Leyenda\",\"description\":\"Posada en Cantabria. Turismo Rural en Cantabria\",\"publisher\":{\"@id\":\"https:\\\/\\\/www.posadalaleyenda.com\\\/#organization\"},\"potentialAction\":[{\"@type\":\"SearchAction\",\"target\":{\"@type\":\"EntryPoint\",\"urlTemplate\":\"https:\\\/\\\/www.posadalaleyenda.com\\\/?s={search_term_string}\"},\"query-input\":{\"@type\":\"PropertyValueSpecification\",\"valueRequired\":true,\"valueName\":\"search_term_string\"}}],\"inLanguage\":\"en-US\"},{\"@type\":\"Organization\",\"@id\":\"https:\\\/\\\/www.posadalaleyenda.com\\\/#organization\",\"name\":\"Posada La Leyenda\",\"url\":\"https:\\\/\\\/www.posadalaleyenda.com\\\/\",\"logo\":{\"@type\":\"ImageObject\",\"inLanguage\":\"en-US\",\"@id\":\"https:\\\/\\\/www.posadalaleyenda.com\\\/#\\\/schema\\\/logo\\\/image\\\/\",\"url\":\"https:\\\/\\\/www.posadalaleyenda.com\\\/wp-content\\\/uploads\\\/2019\\\/01\\\/logotipo_posada_la_leyenda-2.png\",\"contentUrl\":\"https:\\\/\\\/www.posadalaleyenda.com\\\/wp-content\\\/uploads\\\/2019\\\/01\\\/logotipo_posada_la_leyenda-2.png\",\"width\":164,\"height\":98,\"caption\":\"Posada La Leyenda\"},\"image\":{\"@id\":\"https:\\\/\\\/www.posadalaleyenda.com\\\/#\\\/schema\\\/logo\\\/image\\\/\"},\"sameAs\":[\"https:\\\/\\\/mobile.facebook.com\\\/posadalaleyenda\\\/\",\"https:\\\/\\\/x.com\\\/posadalaleyenda\",\"https:\\\/\\\/www.instagram.com\\\/posadalaleyenda\\\/\",\"https:\\\/\\\/www.pinterest.es\\\/pin\\\/788904059722016826\\\/\"]}]}<\/script>\n<!-- \/ Yoast SEO plugin. -->","yoast_head_json":{"title":"[:es]Reservas[:en]Rate[:] - Posada La Leyenda","robots":{"index":"index","follow":"follow","max-snippet":"max-snippet:-1","max-image-preview":"max-image-preview:large","max-video-preview":"max-video-preview:-1"},"canonical":"http:\/\/www.posadalaleyenda.com\/reservas\/","og_locale":"en_US","og_type":"article","og_title":"[:es]Reservas[:en]Rate[:] - Posada La Leyenda","og_description":"Introduzca fechas para ver precios y disponibilidad.","og_url":"http:\/\/www.posadalaleyenda.com\/reservas\/","og_site_name":"Posada La Leyenda","article_publisher":"https:\/\/mobile.facebook.com\/posadalaleyenda\/","article_modified_time":"2021-04-13T08:43:52+00:00","twitter_card":"summary_large_image","twitter_site":"@posadalaleyenda","twitter_misc":{"Est. reading time":"3 minutes"},"schema":{"@context":"https:\/\/schema.org","@graph":[{"@type":"WebPage","@id":"http:\/\/www.posadalaleyenda.com\/reservas\/","url":"http:\/\/www.posadalaleyenda.com\/reservas\/","name":"[:es]Reservas[:en]Rate[:] - Posada La Leyenda","isPartOf":{"@id":"https:\/\/www.posadalaleyenda.com\/#website"},"datePublished":"2019-07-02T17:04:45+00:00","dateModified":"2021-04-13T08:43:52+00:00","breadcrumb":{"@id":"http:\/\/www.posadalaleyenda.com\/reservas\/#breadcrumb"},"inLanguage":"en-US","potentialAction":[{"@type":"ReadAction","target":["http:\/\/www.posadalaleyenda.com\/reservas\/"]}]},{"@type":"BreadcrumbList","@id":"http:\/\/www.posadalaleyenda.com\/reservas\/#breadcrumb","itemListElement":[{"@type":"ListItem","position":1,"name":"Portada","item":"https:\/\/www.posadalaleyenda.com\/en\/"},{"@type":"ListItem","position":2,"name":"Reservas"}]},{"@type":"WebSite","@id":"https:\/\/www.posadalaleyenda.com\/#website","url":"https:\/\/www.posadalaleyenda.com\/","name":"Posada La Leyenda","description":"Posada en Cantabria. Turismo Rural en Cantabria","publisher":{"@id":"https:\/\/www.posadalaleyenda.com\/#organization"},"potentialAction":[{"@type":"SearchAction","target":{"@type":"EntryPoint","urlTemplate":"https:\/\/www.posadalaleyenda.com\/?s={search_term_string}"},"query-input":{"@type":"PropertyValueSpecification","valueRequired":true,"valueName":"search_term_string"}}],"inLanguage":"en-US"},{"@type":"Organization","@id":"https:\/\/www.posadalaleyenda.com\/#organization","name":"Posada La Leyenda","url":"https:\/\/www.posadalaleyenda.com\/","logo":{"@type":"ImageObject","inLanguage":"en-US","@id":"https:\/\/www.posadalaleyenda.com\/#\/schema\/logo\/image\/","url":"https:\/\/www.posadalaleyenda.com\/wp-content\/uploads\/2019\/01\/logotipo_posada_la_leyenda-2.png","contentUrl":"https:\/\/www.posadalaleyenda.com\/wp-content\/uploads\/2019\/01\/logotipo_posada_la_leyenda-2.png","width":164,"height":98,"caption":"Posada La Leyenda"},"image":{"@id":"https:\/\/www.posadalaleyenda.com\/#\/schema\/logo\/image\/"},"sameAs":["https:\/\/mobile.facebook.com\/posadalaleyenda\/","https:\/\/x.com\/posadalaleyenda","https:\/\/www.instagram.com\/posadalaleyenda\/","https:\/\/www.pinterest.es\/pin\/788904059722016826\/"]}]}},"_links":{"self":[{"href":"https:\/\/www.posadalaleyenda.com\/en\/wp-json\/wp\/v2\/pages\/1212","targetHints":{"allow":["GET"]}}],"collection":[{"href":"https:\/\/www.posadalaleyenda.com\/en\/wp-json\/wp\/v2\/pages"}],"about":[{"href":"https:\/\/www.posadalaleyenda.com\/en\/wp-json\/wp\/v2\/types\/page"}],"author":[{"embeddable":true,"href":"https:\/\/www.posadalaleyenda.com\/en\/wp-json\/wp\/v2\/users\/1"}],"replies":[{"embeddable":true,"href":"https:\/\/www.posadalaleyenda.com\/en\/wp-json\/wp\/v2\/comments?post=1212"}],"version-history":[{"count":66,"href":"https:\/\/www.posadalaleyenda.com\/en\/wp-json\/wp\/v2\/pages\/1212\/revisions"}],"predecessor-version":[{"id":1747,"href":"https:\/\/www.posadalaleyenda.com\/en\/wp-json\/wp\/v2\/pages\/1212\/revisions\/1747"}],"wp:attachment":[{"href":"https:\/\/www.posadalaleyenda.com\/en\/wp-json\/wp\/v2\/media?parent=1212"}],"curies":[{"name":"wp","href":"https:\/\/api.w.org\/{rel}","templated":true}]}}