{"id":1852,"date":"2022-03-15T11:15:53","date_gmt":"2022-03-15T11:15:53","guid":{"rendered":"https:\/\/www.posadalaleyenda.com\/?page_id=1852"},"modified":"2024-05-14T08:44:10","modified_gmt":"2024-05-14T08:44:10","slug":"posada-la-leyenda-2","status":"publish","type":"page","link":"https:\/\/www.posadalaleyenda.com\/en\/posada-la-leyenda-2\/","title":{"rendered":"Posada la leyenda"},"content":{"rendered":"<div id=\"pl-1852\"  class=\"panel-layout\" ><div id=\"pg-1852-0\"  class=\"panel-grid panel-has-style\" ><div class=\"so-parallax siteorigin-panels-stretch panel-row-style panel-row-style-for-1852-0\" data-stretch-type=\"full-stretched\" ><img fetchpriority=\"high\" decoding=\"async\" width=\"1900\" height=\"856\" src=\"https:\/\/www.posadalaleyenda.com\/wp-content\/uploads\/2019\/02\/posada_cantabria_2.jpg\" class=\"attachment-full size-full\" alt=\"\" data-siteorigin-parallax=\"true\" loading=\"eager\" srcset=\"https:\/\/www.posadalaleyenda.com\/wp-content\/uploads\/2019\/02\/posada_cantabria_2.jpg 1900w, https:\/\/www.posadalaleyenda.com\/wp-content\/uploads\/2019\/02\/posada_cantabria_2-300x135.jpg 300w, https:\/\/www.posadalaleyenda.com\/wp-content\/uploads\/2019\/02\/posada_cantabria_2-768x346.jpg 768w, https:\/\/www.posadalaleyenda.com\/wp-content\/uploads\/2019\/02\/posada_cantabria_2-1024x461.jpg 1024w\" sizes=\"(max-width: 1900px) 100vw, 1900px\" \/><div id=\"pgc-1852-0-0\"  class=\"panel-grid-cell panel-grid-cell-empty\" ><\/div><\/div><\/div><div id=\"pg-1852-1\"  class=\"panel-grid panel-has-style\" ><div class=\"panel-row-style panel-row-style-for-1852-1\" ><div id=\"pgc-1852-1-0\"  class=\"panel-grid-cell\" ><div id=\"panel-1852-1-0-0\" class=\"so-panel widget widget_text panel-first-child\" data-index=\"0\" >\t\t\t<div class=\"textwidget\"><h2>&#8220;Vista nuestra posada para vivir una experiencia \u00fanica&#8221;<\/h2>\n<\/div>\n\t\t<\/div><div id=\"panel-1852-1-0-1\" class=\"so-panel widget widget_text panel-last-child\" data-index=\"1\" ><div class=\"panel-widget-style panel-widget-style-for-1852-1-0-1\" >\t\t\t<div class=\"textwidget\"><p>En nuestras habitaciones tem\u00e1ticas viajar\u00e1s a lugares con una decoraci\u00f3n que no os dejar\u00e1 indiferentes. Cada estancia es \u00fanica, cada tem\u00e1tica sorprende y todas ellas cuentan con jacuzzi doble en la propia habitaci\u00f3n. Dise\u00f1adas para experimentar estancias rom\u00e1nticas \u00fanicas.<\/p>\n<\/div>\n\t\t<\/div><\/div><\/div><\/div><\/div><div id=\"pg-1852-2\"  class=\"panel-grid panel-no-style\" ><div id=\"pgc-1852-2-0\"  class=\"panel-grid-cell\" ><div id=\"panel-1852-2-0-0\" class=\"so-panel widget widget_themegrill_flash_heading tg-widget section-title-wrapper panel-first-child\" data-index=\"2\" ><div class=\"panel-widget-style panel-widget-style-for-1852-2-0-0\" >\t<h3 class=\"section-title\">Especiales con Jacuzzi<\/h3>\n<\/div><\/div><div id=\"panel-1852-2-0-1\" class=\"so-panel widget widget_themegrill_flash_image tg-widget tg-image-widget panel-last-child\" data-index=\"3\" >\t<a href=\"https:\/\/www.posadalaleyenda.com\/especiales-con-jacuzzi\/\"><img decoding=\"async\" src=\"https:\/\/www.posadalaleyenda.com\/wp-content\/uploads\/2022\/03\/especiales_jacuzzi.jpg\" \/><\/a>\n<\/div><\/div><div id=\"pgc-1852-2-1\"  class=\"panel-grid-cell\" ><div id=\"panel-1852-2-1-0\" class=\"so-panel widget widget_themegrill_flash_heading tg-widget section-title-wrapper panel-first-child\" data-index=\"4\" ><div class=\"panel-widget-style panel-widget-style-for-1852-2-1-0\" >\t<h3 class=\"section-title\">Dobles con hidromasaje<\/h3>\n<\/div><\/div><div id=\"panel-1852-2-1-1\" class=\"so-panel widget widget_themegrill_flash_image tg-widget tg-image-widget panel-last-child\" data-index=\"5\" >\t<a href=\"https:\/\/www.posadalaleyenda.com\/dobles-con-hidromasaje\/\"><img decoding=\"async\" src=\"https:\/\/www.posadalaleyenda.com\/wp-content\/uploads\/2022\/03\/dobles_hidromasaje.jpg\" \/><\/a>\n<\/div><\/div><div id=\"pgc-1852-2-2\"  class=\"panel-grid-cell\" ><div id=\"panel-1852-2-2-0\" class=\"so-panel widget widget_themegrill_flash_heading tg-widget section-title-wrapper panel-first-child\" data-index=\"6\" ><div class=\"panel-widget-style panel-widget-style-for-1852-2-2-0\" >\t<h3 class=\"section-title\">Apartamentos<\/h3>\n<\/div><\/div><div id=\"panel-1852-2-2-1\" class=\"so-panel widget widget_themegrill_flash_image tg-widget tg-image-widget panel-last-child\" data-index=\"7\" >\t<a href=\"https:\/\/www.posadalaleyenda.com\/apartamentos\/\"><img decoding=\"async\" src=\"http:\/\/www.posadalaleyenda.com\/wp-content\/uploads\/2019\/03\/marruecos.jpg\" \/><\/a>\n<\/div><\/div><\/div><div id=\"pg-1852-3\"  class=\"panel-grid panel-no-style\" ><div id=\"pgc-1852-3-0\"  class=\"panel-grid-cell\" ><div id=\"panel-1852-3-0-0\" class=\"so-panel widget widget_themegrill_flash_heading tg-widget section-title-wrapper panel-first-child\" data-index=\"8\" ><div class=\"panel-widget-style panel-widget-style-for-1852-3-0-0\" >\t<h3 class=\"section-title\">Par\u00eds<\/h3>\n<\/div><\/div><div id=\"panel-1852-3-0-1\" class=\"so-panel widget widget_themegrill_flash_image tg-widget tg-image-widget panel-last-child\" data-index=\"9\" >\t<a href=\"https:\/\/www.posadalaleyenda.com\/paris\/\"><img decoding=\"async\" src=\"https:\/\/www.posadalaleyenda.com\/wp-content\/uploads\/2022\/03\/paris.jpg\" \/><\/a>\n<\/div><\/div><div id=\"pgc-1852-3-1\"  class=\"panel-grid-cell panel-grid-cell-mobile-last\" ><div id=\"panel-1852-3-1-0\" class=\"so-panel widget widget_themegrill_flash_heading tg-widget section-title-wrapper panel-first-child\" data-index=\"10\" ><div class=\"panel-widget-style panel-widget-style-for-1852-3-1-0\" >\t<h3 class=\"section-title\">A\u00f1os 60<\/h3>\n<\/div><\/div><div id=\"panel-1852-3-1-1\" class=\"so-panel widget widget_themegrill_flash_image tg-widget tg-image-widget panel-last-child\" data-index=\"11\" >\t<a href=\"https:\/\/www.posadalaleyenda.com\/anos-60\/\"><img decoding=\"async\" src=\"https:\/\/www.posadalaleyenda.com\/wp-content\/uploads\/2022\/03\/anos_60.jpg\" \/><\/a>\n<\/div><\/div><div id=\"pgc-1852-3-2\"  class=\"panel-grid-cell panel-grid-cell-empty\" ><\/div><\/div><div id=\"pg-1852-4\"  class=\"panel-grid panel-no-style\" ><div id=\"pgc-1852-4-0\"  class=\"panel-grid-cell panel-grid-cell-empty\" ><\/div><\/div><\/div>","protected":false},"excerpt":{"rendered":"<p>&#8220;Vista nuestra posada para vivir una experiencia \u00fanica&#8221; En nuestras habitaciones tem\u00e1ticas viajar\u00e1s a lugares con una decoraci\u00f3n que no [&hellip;]<\/p>\n","protected":false},"author":1,"featured_media":0,"parent":0,"menu_order":0,"comment_status":"closed","ping_status":"closed","template":"","meta":{"om_disable_all_campaigns":false,"_mi_skip_tracking":false,"_monsterinsights_sitenote_active":false,"_monsterinsights_sitenote_note":"","_monsterinsights_sitenote_category":0,"_joinchat":[],"footnotes":""},"class_list":["post-1852","page","type-page","status-publish","hentry"],"yoast_head":"<!-- This site is optimized with the Yoast SEO plugin v27.4 - https:\/\/yoast.com\/product\/yoast-seo-wordpress\/ -->\n<title>Posada la leyenda - Posada La Leyenda<\/title>\n<meta name=\"robots\" content=\"noindex, follow\" \/>\n<meta property=\"og:locale\" content=\"en_US\" \/>\n<meta property=\"og:type\" content=\"article\" \/>\n<meta property=\"og:title\" content=\"Posada la leyenda - Posada La Leyenda\" \/>\n<meta property=\"og:description\" content=\"&quot;Vista nuestra posada para vivir una experiencia \u00fanica&quot; En nuestras habitaciones tem\u00e1ticas viajar\u00e1s a lugares con una decoraci\u00f3n que no [&hellip;]\" \/>\n<meta property=\"og:url\" content=\"https:\/\/www.posadalaleyenda.com\/posada-la-leyenda-2\/\" \/>\n<meta property=\"og:site_name\" content=\"Posada La Leyenda\" \/>\n<meta property=\"article:publisher\" content=\"https:\/\/mobile.facebook.com\/posadalaleyenda\/\" \/>\n<meta property=\"article:modified_time\" content=\"2024-05-14T08:44:10+00:00\" \/>\n<meta property=\"og:image\" content=\"https:\/\/www.posadalaleyenda.com\/wp-content\/uploads\/2019\/02\/posada_cantabria_2.jpg\" \/>\n<meta name=\"twitter:card\" content=\"summary_large_image\" \/>\n<meta name=\"twitter:site\" content=\"@posadalaleyenda\" \/>\n<meta name=\"twitter:label1\" content=\"Est. reading time\" \/>\n\t<meta name=\"twitter:data1\" content=\"1 minute\" \/>\n<script type=\"application\/ld+json\" class=\"yoast-schema-graph\">{\"@context\":\"https:\\\/\\\/schema.org\",\"@graph\":[{\"@type\":\"WebPage\",\"@id\":\"https:\\\/\\\/www.posadalaleyenda.com\\\/posada-la-leyenda-2\\\/\",\"url\":\"https:\\\/\\\/www.posadalaleyenda.com\\\/posada-la-leyenda-2\\\/\",\"name\":\"Posada la leyenda - Posada La Leyenda\",\"isPartOf\":{\"@id\":\"http:\\\/\\\/www.posadalaleyenda.com\\\/#website\"},\"primaryImageOfPage\":{\"@id\":\"https:\\\/\\\/www.posadalaleyenda.com\\\/posada-la-leyenda-2\\\/#primaryimage\"},\"image\":{\"@id\":\"https:\\\/\\\/www.posadalaleyenda.com\\\/posada-la-leyenda-2\\\/#primaryimage\"},\"thumbnailUrl\":\"https:\\\/\\\/www.posadalaleyenda.com\\\/wp-content\\\/uploads\\\/2019\\\/02\\\/posada_cantabria_2.jpg\",\"datePublished\":\"2022-03-15T11:15:53+00:00\",\"dateModified\":\"2024-05-14T08:44:10+00:00\",\"breadcrumb\":{\"@id\":\"https:\\\/\\\/www.posadalaleyenda.com\\\/posada-la-leyenda-2\\\/#breadcrumb\"},\"inLanguage\":\"en-US\",\"potentialAction\":[{\"@type\":\"ReadAction\",\"target\":[\"https:\\\/\\\/www.posadalaleyenda.com\\\/posada-la-leyenda-2\\\/\"]}]},{\"@type\":\"ImageObject\",\"inLanguage\":\"en-US\",\"@id\":\"https:\\\/\\\/www.posadalaleyenda.com\\\/posada-la-leyenda-2\\\/#primaryimage\",\"url\":\"https:\\\/\\\/www.posadalaleyenda.com\\\/wp-content\\\/uploads\\\/2019\\\/02\\\/posada_cantabria_2.jpg\",\"contentUrl\":\"https:\\\/\\\/www.posadalaleyenda.com\\\/wp-content\\\/uploads\\\/2019\\\/02\\\/posada_cantabria_2.jpg\"},{\"@type\":\"BreadcrumbList\",\"@id\":\"https:\\\/\\\/www.posadalaleyenda.com\\\/posada-la-leyenda-2\\\/#breadcrumb\",\"itemListElement\":[{\"@type\":\"ListItem\",\"position\":1,\"name\":\"Portada\",\"item\":\"http:\\\/\\\/www.posadalaleyenda.com\\\/\"},{\"@type\":\"ListItem\",\"position\":2,\"name\":\"Posada la leyenda\"}]},{\"@type\":\"WebSite\",\"@id\":\"http:\\\/\\\/www.posadalaleyenda.com\\\/#website\",\"url\":\"http:\\\/\\\/www.posadalaleyenda.com\\\/\",\"name\":\"Posada La Leyenda\",\"description\":\"Posada en Cantabria. Turismo Rural en Cantabria\",\"publisher\":{\"@id\":\"http:\\\/\\\/www.posadalaleyenda.com\\\/#organization\"},\"potentialAction\":[{\"@type\":\"SearchAction\",\"target\":{\"@type\":\"EntryPoint\",\"urlTemplate\":\"http:\\\/\\\/www.posadalaleyenda.com\\\/?s={search_term_string}\"},\"query-input\":{\"@type\":\"PropertyValueSpecification\",\"valueRequired\":true,\"valueName\":\"search_term_string\"}}],\"inLanguage\":\"en-US\"},{\"@type\":\"Organization\",\"@id\":\"http:\\\/\\\/www.posadalaleyenda.com\\\/#organization\",\"name\":\"Posada La Leyenda\",\"url\":\"http:\\\/\\\/www.posadalaleyenda.com\\\/\",\"logo\":{\"@type\":\"ImageObject\",\"inLanguage\":\"en-US\",\"@id\":\"http:\\\/\\\/www.posadalaleyenda.com\\\/#\\\/schema\\\/logo\\\/image\\\/\",\"url\":\"https:\\\/\\\/www.posadalaleyenda.com\\\/wp-content\\\/uploads\\\/2019\\\/01\\\/logotipo_posada_la_leyenda-2.png\",\"contentUrl\":\"https:\\\/\\\/www.posadalaleyenda.com\\\/wp-content\\\/uploads\\\/2019\\\/01\\\/logotipo_posada_la_leyenda-2.png\",\"width\":164,\"height\":98,\"caption\":\"Posada La Leyenda\"},\"image\":{\"@id\":\"http:\\\/\\\/www.posadalaleyenda.com\\\/#\\\/schema\\\/logo\\\/image\\\/\"},\"sameAs\":[\"https:\\\/\\\/mobile.facebook.com\\\/posadalaleyenda\\\/\",\"https:\\\/\\\/x.com\\\/posadalaleyenda\",\"https:\\\/\\\/www.instagram.com\\\/posadalaleyenda\\\/\",\"https:\\\/\\\/www.pinterest.es\\\/pin\\\/788904059722016826\\\/\"]}]}<\/script>\n<!-- \/ Yoast SEO plugin. -->","yoast_head_json":{"title":"Posada la leyenda - Posada La Leyenda","robots":{"index":"noindex","follow":"follow"},"og_locale":"en_US","og_type":"article","og_title":"Posada la leyenda - Posada La Leyenda","og_description":"\"Vista nuestra posada para vivir una experiencia \u00fanica\" En nuestras habitaciones tem\u00e1ticas viajar\u00e1s a lugares con una decoraci\u00f3n que no [&hellip;]","og_url":"https:\/\/www.posadalaleyenda.com\/posada-la-leyenda-2\/","og_site_name":"Posada La Leyenda","article_publisher":"https:\/\/mobile.facebook.com\/posadalaleyenda\/","article_modified_time":"2024-05-14T08:44:10+00:00","og_image":[{"url":"https:\/\/www.posadalaleyenda.com\/wp-content\/uploads\/2019\/02\/posada_cantabria_2.jpg","type":"","width":"","height":""}],"twitter_card":"summary_large_image","twitter_site":"@posadalaleyenda","twitter_misc":{"Est. reading time":"1 minute"},"schema":{"@context":"https:\/\/schema.org","@graph":[{"@type":"WebPage","@id":"https:\/\/www.posadalaleyenda.com\/posada-la-leyenda-2\/","url":"https:\/\/www.posadalaleyenda.com\/posada-la-leyenda-2\/","name":"Posada la leyenda - Posada La Leyenda","isPartOf":{"@id":"http:\/\/www.posadalaleyenda.com\/#website"},"primaryImageOfPage":{"@id":"https:\/\/www.posadalaleyenda.com\/posada-la-leyenda-2\/#primaryimage"},"image":{"@id":"https:\/\/www.posadalaleyenda.com\/posada-la-leyenda-2\/#primaryimage"},"thumbnailUrl":"https:\/\/www.posadalaleyenda.com\/wp-content\/uploads\/2019\/02\/posada_cantabria_2.jpg","datePublished":"2022-03-15T11:15:53+00:00","dateModified":"2024-05-14T08:44:10+00:00","breadcrumb":{"@id":"https:\/\/www.posadalaleyenda.com\/posada-la-leyenda-2\/#breadcrumb"},"inLanguage":"en-US","potentialAction":[{"@type":"ReadAction","target":["https:\/\/www.posadalaleyenda.com\/posada-la-leyenda-2\/"]}]},{"@type":"ImageObject","inLanguage":"en-US","@id":"https:\/\/www.posadalaleyenda.com\/posada-la-leyenda-2\/#primaryimage","url":"https:\/\/www.posadalaleyenda.com\/wp-content\/uploads\/2019\/02\/posada_cantabria_2.jpg","contentUrl":"https:\/\/www.posadalaleyenda.com\/wp-content\/uploads\/2019\/02\/posada_cantabria_2.jpg"},{"@type":"BreadcrumbList","@id":"https:\/\/www.posadalaleyenda.com\/posada-la-leyenda-2\/#breadcrumb","itemListElement":[{"@type":"ListItem","position":1,"name":"Portada","item":"http:\/\/www.posadalaleyenda.com\/"},{"@type":"ListItem","position":2,"name":"Posada la leyenda"}]},{"@type":"WebSite","@id":"http:\/\/www.posadalaleyenda.com\/#website","url":"http:\/\/www.posadalaleyenda.com\/","name":"Posada La Leyenda","description":"Posada en Cantabria. Turismo Rural en Cantabria","publisher":{"@id":"http:\/\/www.posadalaleyenda.com\/#organization"},"potentialAction":[{"@type":"SearchAction","target":{"@type":"EntryPoint","urlTemplate":"http:\/\/www.posadalaleyenda.com\/?s={search_term_string}"},"query-input":{"@type":"PropertyValueSpecification","valueRequired":true,"valueName":"search_term_string"}}],"inLanguage":"en-US"},{"@type":"Organization","@id":"http:\/\/www.posadalaleyenda.com\/#organization","name":"Posada La Leyenda","url":"http:\/\/www.posadalaleyenda.com\/","logo":{"@type":"ImageObject","inLanguage":"en-US","@id":"http:\/\/www.posadalaleyenda.com\/#\/schema\/logo\/image\/","url":"https:\/\/www.posadalaleyenda.com\/wp-content\/uploads\/2019\/01\/logotipo_posada_la_leyenda-2.png","contentUrl":"https:\/\/www.posadalaleyenda.com\/wp-content\/uploads\/2019\/01\/logotipo_posada_la_leyenda-2.png","width":164,"height":98,"caption":"Posada La Leyenda"},"image":{"@id":"http:\/\/www.posadalaleyenda.com\/#\/schema\/logo\/image\/"},"sameAs":["https:\/\/mobile.facebook.com\/posadalaleyenda\/","https:\/\/x.com\/posadalaleyenda","https:\/\/www.instagram.com\/posadalaleyenda\/","https:\/\/www.pinterest.es\/pin\/788904059722016826\/"]}]}},"_links":{"self":[{"href":"https:\/\/www.posadalaleyenda.com\/en\/wp-json\/wp\/v2\/pages\/1852","targetHints":{"allow":["GET"]}}],"collection":[{"href":"https:\/\/www.posadalaleyenda.com\/en\/wp-json\/wp\/v2\/pages"}],"about":[{"href":"https:\/\/www.posadalaleyenda.com\/en\/wp-json\/wp\/v2\/types\/page"}],"author":[{"embeddable":true,"href":"https:\/\/www.posadalaleyenda.com\/en\/wp-json\/wp\/v2\/users\/1"}],"replies":[{"embeddable":true,"href":"https:\/\/www.posadalaleyenda.com\/en\/wp-json\/wp\/v2\/comments?post=1852"}],"version-history":[{"count":8,"href":"https:\/\/www.posadalaleyenda.com\/en\/wp-json\/wp\/v2\/pages\/1852\/revisions"}],"predecessor-version":[{"id":2467,"href":"https:\/\/www.posadalaleyenda.com\/en\/wp-json\/wp\/v2\/pages\/1852\/revisions\/2467"}],"wp:attachment":[{"href":"https:\/\/www.posadalaleyenda.com\/en\/wp-json\/wp\/v2\/media?parent=1852"}],"curies":[{"name":"wp","href":"https:\/\/api.w.org\/{rel}","templated":true}]}}